{"id":33189,"date":"2025-05-16T06:54:32","date_gmt":"2025-05-16T06:54:32","guid":{"rendered":"https:\/\/www.blessingsafaris.com\/fr\/?page_id=33189"},"modified":"2025-08-20T17:51:53","modified_gmt":"2025-08-20T17:51:53","slug":"mont-kilimandjaro","status":"publish","type":"page","link":"https:\/\/www.blessingsafaris.com\/fr\/mont-kilimandjaro\/","title":{"rendered":"Mont Kilimandjaro"},"content":{"rendered":"<div class=\"fusion-fullwidth fullwidth-box fusion-builder-row-1 fusion-flex-container nonhundred-percent-fullwidth non-hundred-percent-height-scrolling\" style=\"--awb-border-radius-top-left:0px;--awb-border-radius-top-right:0px;--awb-border-radius-bottom-right:0px;--awb-border-radius-bottom-left:0px;--awb-padding-top:40px;--awb-padding-bottom:40px;--awb-padding-top-medium:30px;--awb-padding-top-small:20px;--awb-background-color:#ffffff;--awb-flex-wrap:wrap;\" id=\"about\" ><div class=\"fusion-builder-row fusion-row fusion-flex-align-items-flex-start fusion-flex-content-wrap\" style=\"max-width:1248px;margin-left: calc(-4% \/ 2 );margin-right: calc(-4% \/ 2 );\"><div class=\"fusion-layout-column fusion_builder_column fusion-builder-column-0 fusion_builder_column_1_1 1_1 fusion-flex-column\" style=\"--awb-padding-right:14%;--awb-padding-left:14%;--awb-padding-right-medium:0px;--awb-padding-left-medium:0px;--awb-bg-size:cover;--awb-width-large:100%;--awb-margin-top-large:0px;--awb-spacing-right-large:1.92%;--awb-margin-bottom-large:0px;--awb-spacing-left-large:1.92%;--awb-width-medium:100%;--awb-order-medium:0;--awb-spacing-right-medium:1.92%;--awb-spacing-left-medium:1.92%;--awb-width-small:100%;--awb-order-small:0;--awb-spacing-right-small:1.92%;--awb-spacing-left-small:1.92%;\" id=\"about\"><div class=\"fusion-column-wrapper fusion-column-has-shadow fusion-flex-justify-content-flex-start fusion-content-layout-column\"><div class=\"fusion-text fusion-text-1\"><h2>mont Kilimandjaro<\/h2>\n<p>Le <a href=\"https:\/\/fr.wikipedia.org\/wiki\/Kilimandjaro\" target=\"_blank\" rel=\"noopener\">Kilimandjaro<\/a> est la plus haute montagne d&rsquo;Afrique. Il est situ\u00e9 \u00e0 2\u00b050\u2032-3\u00b010&rsquo;S et 37\u00b000\u2032-37\u00b040&rsquo;E en Tanzanie. C&rsquo;est la plus haute montagne isol\u00e9e du monde et, avec ses 5895 m\u00e8tres, l&rsquo;un des sites les plus spectaculaires du continent.<\/p>\n<p>Le Kilimandjaro poss\u00e8de trois sommets volcaniques : le Kibo, le Mawenzi et le Shira. Le nom \u00ab Kilimandjaro \u00bb signifie \u00ab myst\u00e8re envelopp\u00e9 de nuages \u00bb.<\/p>\n<p>Les habitants, les Wachagga, n&rsquo;ont pas de nom pour d\u00e9signer l&rsquo;ensemble du massif, seulement Kipoo (aujourd&rsquo;hui connu sous le nom de Kibo) pour le c\u00e9l\u00e8bre sommet enneig\u00e9 qui veille majestueusement sur le continent, le sommet de l&rsquo;Afrique.<\/p>\n<p>Le Kilimandjaro est situ\u00e9 pr\u00e8s de la ville de Moshi et est une zone prot\u00e9g\u00e9e. Les \u00e9cosyst\u00e8mes de la montagne sont aussi beaux que vari\u00e9s.<\/p>\n<p>Sur les pentes basses, une grande partie de la montagne est constitu\u00e9e de terres agricoles o\u00f9 l&rsquo;on cultive du caf\u00e9, des bananes, du manioc et du ma\u00efs pour la subsistance et la vente.<\/p>\n<p>Il existe encore quelques grandes plantations de caf\u00e9 sur les pentes inf\u00e9rieures, mais une grande partie de cette zone situ\u00e9e en dehors du parc national a \u00e9t\u00e9 divis\u00e9e en petites parcelles.<\/p>\n<p>Une fois dans le parc, une for\u00eat dense de plaine recouvre les zones les plus basses et laisse place \u00e0 des prairies alpines d\u00e8s que l&rsquo;air se rar\u00e9fie.<\/p>\n<p>Pr\u00e8s du sommet, le paysage est rude et aride, avec des rochers et de la glace, et offre une vue imprenable sur l&rsquo;Afrique.<\/p>\n<p>L&rsquo;ascension du Kilimandjaro est le point culminant pour de nombreux visiteurs en Tanzanie.<\/p>\n<p>Peu de montagnes peuvent rivaliser avec la majest\u00e9 et la vue imprenable sur le parc national d&rsquo;Amboseli au Kenya, la vall\u00e9e du Rift et la steppe Maasai qui appartient au Kilimandjaro.<\/p>\n<p>Randonner sur le toit de l&rsquo;Afrique est l&rsquo;aventure d&rsquo;une vie. \u00c0 un rythme adapt\u00e9, tout le monde, du randonneur exp\u00e9riment\u00e9 au novice enthousiaste, peut gravir le sommet enneig\u00e9.<\/p>\n<p>Mais le Kilimandjaro a bien plus \u00e0 offrir que son sommet. L&rsquo;ascension des pentes est un v\u00e9ritable tour du monde climatique, des tropiques \u00e0 l&rsquo;Arctique.<\/p>\n<p>Avant m\u00eame de franchir la limite du parc national (\u00e0 2 700 m\u00e8tres d&rsquo;altitude), les pentes cultiv\u00e9es c\u00e8dent la place \u00e0 une for\u00eat de montagne luxuriante, peupl\u00e9e d&rsquo;\u00e9l\u00e9phants, de l\u00e9opards, de buffles, d&rsquo;abottducks (esp\u00e8ce menac\u00e9e d&rsquo;extinction) et d&rsquo;autres petites antilopes et primates que l&rsquo;on observe rarement.<\/p>\n<p>Plus haut encore se trouve la zone mar\u00e9cageuse, recouverte d&rsquo;une couverture de bruy\u00e8res g\u00e9antes et de lob\u00e9lies g\u00e9antes. Au-dessus de 4 000 m, un d\u00e9sert alpin surr\u00e9aliste n&rsquo;offre pratiquement aucune vie, \u00e0 l&rsquo;exception de quelques mousses et lichens r\u00e9sistants \u00e0 l&rsquo;hiver.<\/p>\n<p>Enfin, les derniers vestiges de v\u00e9g\u00e9tation c\u00e8dent la place \u00e0 un paysage hivernal f\u00e9\u00e9rique fait de glace et de neige, et \u00e0 la beaut\u00e9 grandiose du toit du continent.<\/p>\n<h2>Combien de temps dure l&rsquo;ascension du Kilimandjaro et combien de personnes l&rsquo;escaladent ?<\/h2>\n<p>Selon l&rsquo;itin\u00e9raire choisi, vous pouvez escalader le Kilimandjaro en 5 \u00e0 8 jours.<\/p>\n<ul>\n<li>L&rsquo;itin\u00e9raire Marangu dure 5 \u00e0 6 jours.<\/li>\n<li>L&rsquo;itin\u00e9raire Umbwe dure 6 jours.<\/li>\n<li>L&rsquo;itin\u00e9raire Rongai dure 6 jours.<\/li>\n<li><a href=\"https:\/\/www.blessingsafaris.com\/mount-kilimanjaro\/6-days-machame-route\/\">L&rsquo;itin\u00e9raire Machame dure 6 \u00e0 7 jours.<\/a><\/li>\n<li>L&rsquo;itin\u00e9raire Lemosho dure 7 \u00e0 8 jours.<\/li>\n<\/ul>\n<p>Il est recommand\u00e9 de prendre le temps de s&rsquo;acclimater au d\u00e9but de chaque itin\u00e9raire.<\/p>\n<p>Plus vous montez rapidement en altitude, plus vous risquez de souffrir du mal aigu des montagnes. Prenez donc votre temps et profitez de la nature.<\/p>\n<p>On estime que plus de 30 000 personnes escaladent le Kilimandjaro chaque ann\u00e9e.<\/p>\n<h2>Quel est le taux de r\u00e9ussite de l&rsquo;ascension du Kilimandjaro ?<\/h2>\n<p>Pour augmenter vos chances d&rsquo;atteindre le sommet, il est recommand\u00e9 de passer plusieurs jours sur le Kilimandjaro, car vous aurez besoin de suffisamment de temps pour vous acclimater. Vous trouverez ci-dessous les taux de r\u00e9ussite du parc national du Kilimandjaro.<\/p>\n<ul>\n<li style=\"font-weight: 400;\">45 % des alpinistes qui empruntent toutes les voies atteignent le sommet.<\/li>\n<li style=\"font-weight: 400;\">Pour les voies de 5 jours, le taux de r\u00e9ussite est de 27 %.<\/li>\n<li style=\"font-weight: 400;\">Pour les voies de 6 jours, le taux de r\u00e9ussite est de 44 %.<\/li>\n<li style=\"font-weight: 400;\">Pour les voies de 7 jours, le taux de r\u00e9ussite est de 64 %.<\/li>\n<li style=\"font-weight: 400;\">Pour les voies de 8 jours, le taux de r\u00e9ussite est de 85 %.<\/li>\n<\/ul>\n<h2>Quel est le meilleur moment pour escalader le Kilimandjaro ?<\/h2>\n<p>Le Kilimandjaro peut \u00eatre escalad\u00e9 toute l&rsquo;ann\u00e9e, mais il est pr\u00e9f\u00e9rable de le faire pendant la saison s\u00e8che, de d\u00e9but d\u00e9cembre \u00e0 d\u00e9but mars et de fin juin \u00e0 fin octobre.<\/p>\n<p>La haute saison s&rsquo;\u00e9tend d&rsquo;ao\u00fbt \u00e0 septembre. La grande saison des pluies dure de fin mars \u00e0 mi-mai.<\/p>\n<p>En savoir plus sur la <a href=\"https:\/\/www.blessingsafaris.com\/mount-kilimanjaro\/climbing-routes\/\">meilleure p\u00e9riode pour escalader le Kilimandjaro<\/a><\/p>\n<h2>Combien de temps je marche chaque jour ?<\/h2>\n<p>La distance varie d&rsquo;un camp \u00e0 l&rsquo;autre et d\u00e9pend \u00e9galement de l&rsquo;itin\u00e9raire et de votre rythme, mais elle est en moyenne d&rsquo;environ 5 heures par jour.<\/p>\n<p>Votre guide vous indiquera un rythme agr\u00e9able afin que vous puissiez profiter pleinement de vos vacances.<\/p>\n<h2>Que dois-je emporter pour le Kilimandjaro ?<\/h2>\n<p>Pour voyager confortablement jusqu&rsquo;au Kilimandjaro, assurez-vous d&rsquo;\u00eatre bien \u00e9quip\u00e9.<\/p>\n<p>Vous aurez besoin de v\u00eatements de pluie, de v\u00eatements chauds, de bottes imperm\u00e9ables, d&rsquo;un sac \u00e0 dos, d&rsquo;un sac marin, de b\u00e2tons de randonn\u00e9e, d&rsquo;un sac de couchage, d&rsquo;une gourde, d&rsquo;un matelas isolant, de lunettes de soleil, de cr\u00e8me solaire, d&rsquo;un appareil photo, de piles de rechange, de snacks, d&rsquo;une lampe frontale, d&rsquo;un chapeau, d&rsquo;une serviette, d&rsquo;un buff, d&rsquo;une cagoule, d&rsquo;un masque, d&rsquo;un poncho, gu\u00eatres, passeport et visa.<\/p>\n<h2>Quel temps fait-il sur le Kilimandjaro ?<\/h2>\n<p>Le <a href=\"https:\/\/www.blessingsafaris.com\/mount-kilimanjaro\/what-is-the-weather-on-mount-kilimanjaro\/\">temps sur le Kilimandjaro est impr\u00e9visible<\/a> : tant\u00f4t froid, tant\u00f4t chaud, tant\u00f4t pluvieux, tant\u00f4t venteux, tant\u00f4t neigeux, etc.<\/p>\n<p>Il est recommand\u00e9 d&rsquo;\u00eatre bien \u00e9quip\u00e9 et pr\u00eat \u00e0 affronter toutes les conditions m\u00e9t\u00e9orologiques \u00e0 tout moment.<\/p>\n<p>Le temps d\u00e9pend \u00e9galement des zones, parfois la temp\u00e9rature au pied de la montagne peut atteindre 27 \u00b0F, mais elle diminue \u00e0 mesure que vous montez.<\/p>\n<p>Au sommet d&rsquo;Uhuru, la temp\u00e9rature peut descendre jusqu&rsquo;\u00e0 -20 \u00b0F.<\/p>\n<h2>Combien de temps peut-on rester au sommet du Kilimandjaro ?<\/h2>\n<p>Cela d\u00e9pend de votre situation actuelle au pic Uhuru, mais il n&rsquo;est pas recommand\u00e9 de passer beaucoup de temps au pic Uhuru en raison de l&rsquo;altitude tr\u00e8s \u00e9lev\u00e9e et du froid intense.<\/p>\n<p>10 minutes ou moins suffisent pour prendre quelques photos, puis redescendre le plus rapidement possible. Il est bon de suivre les conseils de vos guides.<\/p>\n<h2>conseil<\/h2>\n<p>Nous recommandons une ascension lente (pole-pole) afin d&rsquo;augmenter votre temps d&rsquo;acclimatation et de maximiser vos chances d&rsquo;atteindre le sommet.<\/p>\n<p>Pr\u00e9voyez au moins cinq nuits, voire plus, pour l&rsquo;ascension afin d&rsquo;\u00e9viter le mal des montagnes.<\/p>\n<p>Prenez votre temps et profitez de la beaut\u00e9 de la montagne.<\/p>\n<\/div><\/div><\/div><\/div><\/div>\n","protected":false},"excerpt":{"rendered":"","protected":false},"author":1,"featured_media":33279,"parent":0,"menu_order":0,"comment_status":"closed","ping_status":"closed","template":"","meta":{"_acf_changed":false,"footnotes":""},"class_list":["post-33189","page","type-page","status-publish","has-post-thumbnail","hentry"],"acf":[],"_links":{"self":[{"href":"https:\/\/www.blessingsafaris.com\/fr\/wp-json\/wp\/v2\/pages\/33189","targetHints":{"allow":["GET"]}}],"collection":[{"href":"https:\/\/www.blessingsafaris.com\/fr\/wp-json\/wp\/v2\/pages"}],"about":[{"href":"https:\/\/www.blessingsafaris.com\/fr\/wp-json\/wp\/v2\/types\/page"}],"author":[{"embeddable":true,"href":"https:\/\/www.blessingsafaris.com\/fr\/wp-json\/wp\/v2\/users\/1"}],"replies":[{"embeddable":true,"href":"https:\/\/www.blessingsafaris.com\/fr\/wp-json\/wp\/v2\/comments?post=33189"}],"version-history":[{"count":7,"href":"https:\/\/www.blessingsafaris.com\/fr\/wp-json\/wp\/v2\/pages\/33189\/revisions"}],"predecessor-version":[{"id":33482,"href":"https:\/\/www.blessingsafaris.com\/fr\/wp-json\/wp\/v2\/pages\/33189\/revisions\/33482"}],"wp:featuredmedia":[{"embeddable":true,"href":"https:\/\/www.blessingsafaris.com\/fr\/wp-json\/wp\/v2\/media\/33279"}],"wp:attachment":[{"href":"https:\/\/www.blessingsafaris.com\/fr\/wp-json\/wp\/v2\/media?parent=33189"}],"curies":[{"name":"wp","href":"https:\/\/api.w.org\/{rel}","templated":true}]}}