{"id":33240,"date":"2025-05-16T12:52:32","date_gmt":"2025-05-16T12:52:32","guid":{"rendered":"https:\/\/www.blessingsafaris.com\/es\/?page_id=33240"},"modified":"2025-08-20T17:34:06","modified_gmt":"2025-08-20T17:34:06","slug":"monte-kilimanjaro","status":"publish","type":"page","link":"https:\/\/www.blessingsafaris.com\/es\/monte-kilimanjaro\/","title":{"rendered":"Monte Kilimanjaro"},"content":{"rendered":"<div class=\"fusion-fullwidth fullwidth-box fusion-builder-row-1 fusion-flex-container nonhundred-percent-fullwidth non-hundred-percent-height-scrolling\" style=\"--awb-border-radius-top-left:0px;--awb-border-radius-top-right:0px;--awb-border-radius-bottom-right:0px;--awb-border-radius-bottom-left:0px;--awb-padding-top:40px;--awb-padding-bottom:40px;--awb-padding-top-medium:30px;--awb-padding-top-small:20px;--awb-background-color:#ffffff;--awb-flex-wrap:wrap;\" id=\"about\" ><div class=\"fusion-builder-row fusion-row fusion-flex-align-items-flex-start fusion-flex-content-wrap\" style=\"max-width:1248px;margin-left: calc(-4% \/ 2 );margin-right: calc(-4% \/ 2 );\"><div class=\"fusion-layout-column fusion_builder_column fusion-builder-column-0 fusion_builder_column_1_1 1_1 fusion-flex-column\" style=\"--awb-padding-right:14%;--awb-padding-left:14%;--awb-padding-right-medium:0px;--awb-padding-left-medium:0px;--awb-bg-size:cover;--awb-width-large:100%;--awb-margin-top-large:0px;--awb-spacing-right-large:1.92%;--awb-margin-bottom-large:0px;--awb-spacing-left-large:1.92%;--awb-width-medium:100%;--awb-order-medium:0;--awb-spacing-right-medium:1.92%;--awb-spacing-left-medium:1.92%;--awb-width-small:100%;--awb-order-small:0;--awb-spacing-right-small:1.92%;--awb-spacing-left-small:1.92%;\" id=\"about\"><div class=\"fusion-column-wrapper fusion-column-has-shadow fusion-flex-justify-content-flex-start fusion-content-layout-column\"><div class=\"fusion-text fusion-text-1\"><h2>Monte Kilimanjaro<\/h2>\n<p>El Kilimanjaro es la monta\u00f1a m\u00e1s alta de \u00c1frica. Se encuentra entre los 2\u00b050\u2032 y 3\u00b010\u2032 de latitud sur y los 37\u00b000\u2032 y 37\u00b040\u2032 de longitud este, en Tanzania. Es la monta\u00f1a aislada m\u00e1s alta del mundo y, con sus 5895 metros, uno de los paisajes m\u00e1s espectaculares del continente.<\/p>\n<p>El Kilimanjaro tiene tres picos volc\u00e1nicos: Kibo, Mawenzi y Shira. El nombre \u00abKilimanjaro\u00bb significa \u00abun misterio envuelto en nubes\u00bb.<\/p>\n<p>Los lugare\u00f1os, los Wachagga, no tienen un nombre para todo el macizo, solo Kipoo (hoy conocido como Kibo) para el famoso pico nevado que vigila imperiosamente el continente, la cima de \u00c1frica.<\/p>\n<p>El Kilimanjaro se encuentra cerca de la ciudad de Moshi y es una zona protegida. Los ecosistemas de la monta\u00f1a son tan llamativamente hermosos como diversos.<\/p>\n<p>En las laderas de las tierras bajas, gran parte de la monta\u00f1a es tierra de cultivo, donde se cultiva caf\u00e9, pl\u00e1tanos, mandioca y ma\u00edz para el sustento y la venta.<\/p>\n<p>En las laderas m\u00e1s bajas todav\u00eda hay algunas fincas de caf\u00e9 m\u00e1s grandes, pero gran parte de esta zona fuera del parque nacional se ha dividido en peque\u00f1as parcelas.<\/p>\n<p>Una vez en el parque, el denso bosque de las tierras bajas cubre las zonas m\u00e1s bajas y da paso a prados alpinos a medida que el aire se vuelve m\u00e1s enrarecido.<\/p>\n<p>Cerca de la cima, el paisaje es \u00e1rido y escarpado, con rocas y hielo, y ofrece unas vistas impresionantes de \u00c1frica.<\/p>\n<p>La ascensi\u00f3n al Kilimanjaro es el punto culminante para muchos visitantes de Tanzania. Pocas monta\u00f1as pueden ofrecer la majestuosidad, las impresionantes vistas del Parque Nacional Amboseli en Kenia, el Valle del Rift y la estepa mas\u00e1i que pertenece al Kilimanjaro.<\/p>\n<p>Caminar por el techo de \u00c1frica es la aventura de su vida. Al ritmo adecuado, cualquiera, desde el excursionista experimentado hasta el entusiasta novato, puede escalar la cima nevada.<\/p>\n<p>Pero el Kilimanjaro tiene mucho m\u00e1s que ofrecer que su cima. La ascensi\u00f3n por las laderas es un viaje clim\u00e1tico virtual alrededor del mundo, desde los tr\u00f3picos hasta el \u00c1rtico.<\/p>\n<p>Incluso antes de cruzar el l\u00edmite del parque nacional (a 2700 m de altitud), las laderas cultivadas dan paso a un frondoso bosque de monta\u00f1a, habitado por elefantes, leopardos, b\u00fafalos, el Abbott&#8217;s duiker, en peligro de extinci\u00f3n, y otros peque\u00f1os ant\u00edlopes y primates que rara vez se ven.<\/p>\n<p>A\u00fan m\u00e1s arriba se encuentra la zona de pantanos, cubierta por un manto de brezos gigantes y lobelias gigantes. Por encima de los 4000 m, un desierto alpino surrealista apenas ofrece vida, salvo algunos musgos y l\u00edquenes resistentes al fr\u00edo.<\/p>\n<p>Finalmente, los \u00faltimos restos de vegetaci\u00f3n dan paso a un para\u00edso invernal de hielo y nieve, y a la grandiosa belleza del techo del continente.<\/p>\n<h2>\u00bfCu\u00e1nto tiempo dura la ascensi\u00f3n al Kilimanjaro y cu\u00e1ntas personas lo escalan?<\/h2>\n<p>Dependiendo de la ruta, puede escalar el Kilimanjaro en 5 a 8 d\u00edas..<\/p>\n<ul>\n<li>La ruta Marangu dura entre 5 y 6 d\u00edas.<\/li>\n<li>La ruta Umbwe dura 6 d\u00edas.<\/li>\n<li>La ruta Rongai dura 6 d\u00edas.<\/li>\n<li>La ruta Machame dura entre 6 y 7 d\u00edas.<\/li>\n<li>La ruta Lemosho dura entre 7 y 8 d\u00edas.<\/li>\n<\/ul>\n<p>Se recomienda tomarse un tiempo al comienzo de cada ruta para aclimatarse.<\/p>\n<p>Cuanto m\u00e1s r\u00e1pido se ascienda, mayor ser\u00e1 la probabilidad de sufrir mal de altura agudo, as\u00ed que t\u00f3mese su tiempo y disfrute de la naturaleza.<\/p>\n<p>Se estima que cada a\u00f1o m\u00e1s de 30 000 personas escalan el Kilimanjaro.<\/p>\n<h2>\u00bfCu\u00e1l es la tasa de \u00e9xito de la ascensi\u00f3n al Kilimanjaro?<\/h2>\n<p>Para tener m\u00e1s probabilidades de alcanzar la cima, se recomienda pasar varios d\u00edas en el Kilimanjaro, ya que se necesita tiempo suficiente para aclimatarse.<\/p>\n<p>A continuaci\u00f3n se indican las tasas de \u00e9xito del Parque Nacional del Kilimanjaro.<\/p>\n<ul>\n<li style=\"font-weight: 400;\">El 45 % de los escaladores que realizan cualquier ruta alcanzan la cima.<\/li>\n<li style=\"font-weight: 400;\">En las rutas de 5 d\u00edas, la tasa de \u00e9xito es del 27 %.<\/li>\n<li style=\"font-weight: 400;\">En las rutas de 6 d\u00edas, la tasa de \u00e9xito es del 44 %.<\/li>\n<li style=\"font-weight: 400;\">En las rutas de 7 d\u00edas, la tasa de \u00e9xito es del 64 %.<\/li>\n<li style=\"font-weight: 400;\">En las rutas de 8 d\u00edas, la tasa de \u00e9xito es del 85 %.<\/li>\n<\/ul>\n<h2>\u00bfCu\u00e1ndo es el mejor momento para escalar el Kilimanjaro?<\/h2>\n<p>El Kilimanjaro se puede escalar durante todo el a\u00f1o, pero es mejor hacerlo durante la estaci\u00f3n seca, desde principios de diciembre hasta principios de marzo y desde finales de junio hasta finales de octubre.<\/p>\n<p>La temporada alta es de agosto a septiembre. La gran temporada de lluvias dura desde finales de marzo hasta mediados de mayo.<\/p>\n<p>M\u00e1s informaci\u00f3n sobre la <a href=\"https:\/\/www.blessingsafaris.com\/mount-kilimanjaro\/the-best-time-to-climb-kilimanjaro\/\">mejor \u00e9poca para escalar el Kilimanjaro.<\/a><\/p>\n<h2>\u00bfCu\u00e1nto tiempo camino al d\u00eda?<\/h2>\n<p>La distancia var\u00eda de un campamento a otro y tambi\u00e9n depende de la ruta y de su ritmo, pero la media es de unas<\/p>\n<p>5 horas al d\u00eda. Su gu\u00eda le indicar\u00e1 un ritmo agradable para que pueda disfrutar de sus vacaciones.<\/p>\n<h2>\u00bfQu\u00e9 debo llevar para el Kilimanjaro?<\/h2>\n<p>Para realizar un viaje c\u00f3modo al Kilimanjaro, aseg\u00farese de estar bien equipado.<\/p>\n<p>Necesitar\u00e1 ropa impermeable, ropa de abrigo, botas impermeables, mochila, bolsa de viaje, bastones de senderismo, saco de dormir, botella de agua, colchoneta\/colch\u00f3n, gafas de sol, crema solar, c\u00e1mara, pilas de repuesto, snacks, linterna frontal, gorra, toalla, buff, pasamonta\u00f1as, m\u00e1scara, poncho, polainas, pasaporte y visado.<\/p>\n<h2>\u00bfQu\u00e9 tiempo hace en el Kilimanjaro?<\/h2>\n<p>El clima en el Kilimanjaro es impredecible: a veces hace fr\u00edo, a veces calor, a veces llueve, a veces hay viento, a veces nieva, etc.<\/p>\n<p>Se recomienda ir bien equipado y estar preparado para cualquier condici\u00f3n meteorol\u00f3gica en todo momento.<\/p>\n<p>El clima tambi\u00e9n depende de las zonas, a veces la temperatura al pie de la monta\u00f1a alcanza los 27 \u00b0F, pero disminuye a medida que se asciende. En la cima del Uhuru, la temperatura desciende hasta los -20 \u00b0F.<\/p>\n<h2>\u00bfCu\u00e1nto tiempo se puede permanecer en la cima del Kilimanjaro?<\/h2>\n<p>Depende de su situaci\u00f3n actual en el pico Uhuru, pero no se recomienda pasar mucho tiempo all\u00ed debido a la gran altitud y al fr\u00edo intenso.<\/p>\n<p>Diez minutos o menos son suficientes para tomar algunas fotos y luego descender lo m\u00e1s r\u00e1pido posible. Es recomendable seguir los consejos de sus gu\u00edas.<\/p>\n<h2>consejo<\/h2>\n<p>Wir empfehlen langsames Klettern (Pole-Pole), um Ihre Akklimatisationszeit zu erh\u00f6hen und Ihre Chancen auf den Gipfel zu maximieren.<\/p>\n<p>Planen Sie mindestens f\u00fcnf N\u00e4chte ein, am besten noch mehr f\u00fcr den Aufstieg, um H\u00f6henkrankheit zu vermeiden. Nehmen Sie sich Zeit und genie\u00dfen Sie die Sch\u00f6nheit des Berges.<\/p>\n<\/div><\/div><\/div><\/div><\/div>\n","protected":false},"excerpt":{"rendered":"","protected":false},"author":1,"featured_media":33310,"parent":0,"menu_order":0,"comment_status":"closed","ping_status":"closed","template":"100-width.php","meta":{"_acf_changed":false,"footnotes":""},"class_list":["post-33240","page","type-page","status-publish","has-post-thumbnail","hentry"],"acf":[],"_links":{"self":[{"href":"https:\/\/www.blessingsafaris.com\/es\/wp-json\/wp\/v2\/pages\/33240","targetHints":{"allow":["GET"]}}],"collection":[{"href":"https:\/\/www.blessingsafaris.com\/es\/wp-json\/wp\/v2\/pages"}],"about":[{"href":"https:\/\/www.blessingsafaris.com\/es\/wp-json\/wp\/v2\/types\/page"}],"author":[{"embeddable":true,"href":"https:\/\/www.blessingsafaris.com\/es\/wp-json\/wp\/v2\/users\/1"}],"replies":[{"embeddable":true,"href":"https:\/\/www.blessingsafaris.com\/es\/wp-json\/wp\/v2\/comments?post=33240"}],"version-history":[{"count":5,"href":"https:\/\/www.blessingsafaris.com\/es\/wp-json\/wp\/v2\/pages\/33240\/revisions"}],"predecessor-version":[{"id":33509,"href":"https:\/\/www.blessingsafaris.com\/es\/wp-json\/wp\/v2\/pages\/33240\/revisions\/33509"}],"wp:featuredmedia":[{"embeddable":true,"href":"https:\/\/www.blessingsafaris.com\/es\/wp-json\/wp\/v2\/media\/33310"}],"wp:attachment":[{"href":"https:\/\/www.blessingsafaris.com\/es\/wp-json\/wp\/v2\/media?parent=33240"}],"curies":[{"name":"wp","href":"https:\/\/api.w.org\/{rel}","templated":true}]}}