{"id":33213,"date":"2025-05-17T06:21:37","date_gmt":"2025-05-17T06:21:37","guid":{"rendered":"https:\/\/www.blessingsafaris.com\/de\/?page_id=33213"},"modified":"2025-09-02T11:41:43","modified_gmt":"2025-09-02T11:41:43","slug":"tarangire-nationalpark","status":"publish","type":"page","link":"https:\/\/www.blessingsafaris.com\/de\/tarangire-nationalpark\/","title":{"rendered":"Tarangire-Nationalpark"},"content":{"rendered":"<div class=\"fusion-fullwidth fullwidth-box fusion-builder-row-1 fusion-flex-container nonhundred-percent-fullwidth non-hundred-percent-height-scrolling fusion-custom-z-index\" style=\"--link_color: #000000;--awb-border-radius-top-left:0px;--awb-border-radius-top-right:0px;--awb-border-radius-bottom-right:0px;--awb-border-radius-bottom-left:0px;--awb-z-index:99;--awb-padding-top:50px;--awb-padding-bottom:60px;--awb-flex-wrap:wrap;\" ><div class=\"fusion-builder-row fusion-row fusion-flex-align-items-flex-start fusion-flex-justify-content-center fusion-flex-content-wrap\" style=\"max-width:1248px;margin-left: calc(-4% \/ 2 );margin-right: calc(-4% \/ 2 );\"><div class=\"fusion-layout-column fusion_builder_column fusion-builder-column-0 fusion_builder_column_2_3 2_3 fusion-flex-column\" style=\"--awb-bg-size:cover;--awb-width-large:66.666666666667%;--awb-margin-top-large:0px;--awb-spacing-right-large:10px;--awb-margin-bottom-large:0px;--awb-spacing-left-large:2.88%;--awb-width-medium:66.666666666667%;--awb-order-medium:0;--awb-spacing-right-medium:10px;--awb-spacing-left-medium:2.88%;--awb-width-small:100%;--awb-order-small:0;--awb-spacing-right-small:1.92%;--awb-spacing-left-small:1.92%;\" id=\"overview\"><div class=\"fusion-column-wrapper fusion-column-has-shadow fusion-flex-justify-content-flex-start fusion-content-layout-column\"><div class=\"fusion-text fusion-text-1\"><p>Tarangire liegt in der Region Manyara.\u00a0Der Name des Parks stammt vom Tarangire River, der den Park durchquert.<\/p>\n<p>Der Tarangire-Fluss ist w\u00e4hrend der j\u00e4hrlichen Trockenzeit die wichtigste S\u00fc\u00dfwasserquelle f\u00fcr die Wildtiere.<\/p>\n<p>Die Fernwanderroute der Gnus und Zebras f\u00fchrt durch den Tarangiere.<\/p>\n<p>W\u00e4hrend der Trockenzeit konzentrieren sich hier Tausende von Tieren aus den umliegenden Gebieten.<\/p>\n<p>Der Nationalpark umfasst eine Fl\u00e4che von etwa 2.850 km\u00b2. Die Landschaft wird gepr\u00e4gt durch einen Granitr\u00fccken, Flusst\u00e4ler und S\u00fcmpfe.<\/p>\n<p>Die Vegetation ist eine Mischung aus Akazien &#8211; und Langf\u00e4den (Combretum) &#8211; Wald, saisonal \u00fcberflutetem Grasland und Affenbrotb\u00e4umen (Baobab).<\/p>\n<p>Es ist die Heimat pr\u00e4chtiger Herden afrikanischer Elefanten.<\/p>\n<p>Das Leben im Tarangire-Fluss ist w\u00e4hrend der Trockenzeit spektakul\u00e4r, wenn die wandernden Huftiere und die au\u00dfergew\u00f6hnliche Vielfalt der Vogelwelt an die Ufer dieses Flusses zur\u00fcckkehren.<\/p>\n<p>Tag f\u00fcr Tag wolkenloser Himmel.\u00a0Die gl\u00fchende Sonne saugt die Feuchtigkeit aus der Landschaft, backt die Erde staubrot, das verdorrte Gras spr\u00f6de wie Stroh.<\/p>\n<p>Der Tarangire River ist zu einem Schatten seiner selbst geschrumpft.<\/p>\n<p>Der Park liegt 120 km s\u00fcdwestlich von Arusha und ist das ganze Jahr \u00fcber zug\u00e4nglich.<\/p>\n<p>Tarangire ist der beste Park f\u00fcr Tagesausfl\u00fcge, aber auch f\u00fcr kombinierte Touren in die anderen Nationalparks im n\u00f6rdlichen Tansania.<\/p>\n<p>Es gibt vielf\u00e4ltige Unterk\u00fcnfte wie Campingpl\u00e4tze, Hotels und die besten Lodges innerhalb und au\u00dferhalb des Parks.<\/p>\n<\/div><\/div><\/div><\/div><\/div>\n","protected":false},"excerpt":{"rendered":"","protected":false},"author":1,"featured_media":33299,"parent":0,"menu_order":0,"comment_status":"closed","ping_status":"closed","template":"100-width.php","meta":{"_acf_changed":false,"footnotes":""},"class_list":["post-33213","page","type-page","status-publish","has-post-thumbnail","hentry"],"acf":[],"_links":{"self":[{"href":"https:\/\/www.blessingsafaris.com\/de\/wp-json\/wp\/v2\/pages\/33213","targetHints":{"allow":["GET"]}}],"collection":[{"href":"https:\/\/www.blessingsafaris.com\/de\/wp-json\/wp\/v2\/pages"}],"about":[{"href":"https:\/\/www.blessingsafaris.com\/de\/wp-json\/wp\/v2\/types\/page"}],"author":[{"embeddable":true,"href":"https:\/\/www.blessingsafaris.com\/de\/wp-json\/wp\/v2\/users\/1"}],"replies":[{"embeddable":true,"href":"https:\/\/www.blessingsafaris.com\/de\/wp-json\/wp\/v2\/comments?post=33213"}],"version-history":[{"count":3,"href":"https:\/\/www.blessingsafaris.com\/de\/wp-json\/wp\/v2\/pages\/33213\/revisions"}],"predecessor-version":[{"id":33713,"href":"https:\/\/www.blessingsafaris.com\/de\/wp-json\/wp\/v2\/pages\/33213\/revisions\/33713"}],"wp:featuredmedia":[{"embeddable":true,"href":"https:\/\/www.blessingsafaris.com\/de\/wp-json\/wp\/v2\/media\/33299"}],"wp:attachment":[{"href":"https:\/\/www.blessingsafaris.com\/de\/wp-json\/wp\/v2\/media?parent=33213"}],"curies":[{"name":"wp","href":"https:\/\/api.w.org\/{rel}","templated":true}]}}