{"id":33201,"date":"2025-05-17T06:14:52","date_gmt":"2025-05-17T06:14:52","guid":{"rendered":"https:\/\/www.blessingsafaris.com\/de\/?page_id=33201"},"modified":"2025-09-02T09:03:12","modified_gmt":"2025-09-02T09:03:12","slug":"sansibar","status":"publish","type":"page","link":"https:\/\/www.blessingsafaris.com\/de\/sansibar\/","title":{"rendered":"SANSIBAR"},"content":{"rendered":"<div class=\"fusion-fullwidth fullwidth-box fusion-builder-row-1 fusion-flex-container nonhundred-percent-fullwidth non-hundred-percent-height-scrolling fusion-custom-z-index\" style=\"--link_color: #000000;--awb-border-radius-top-left:0px;--awb-border-radius-top-right:0px;--awb-border-radius-bottom-right:0px;--awb-border-radius-bottom-left:0px;--awb-z-index:99;--awb-padding-top:50px;--awb-padding-bottom:60px;--awb-flex-wrap:wrap;\" ><div class=\"fusion-builder-row fusion-row fusion-flex-align-items-flex-start fusion-flex-justify-content-center fusion-flex-content-wrap\" style=\"max-width:1248px;margin-left: calc(-4% \/ 2 );margin-right: calc(-4% \/ 2 );\"><div class=\"fusion-layout-column fusion_builder_column fusion-builder-column-0 fusion_builder_column_2_3 2_3 fusion-flex-column\" style=\"--awb-bg-size:cover;--awb-width-large:66.666666666667%;--awb-margin-top-large:0px;--awb-spacing-right-large:10px;--awb-margin-bottom-large:0px;--awb-spacing-left-large:2.88%;--awb-width-medium:66.666666666667%;--awb-order-medium:0;--awb-spacing-right-medium:10px;--awb-spacing-left-medium:2.88%;--awb-width-small:100%;--awb-order-small:0;--awb-spacing-right-small:1.92%;--awb-spacing-left-small:1.92%;\" id=\"overview\"><div class=\"fusion-column-wrapper fusion-column-has-shadow fusion-flex-justify-content-flex-start fusion-content-layout-column\"><div class=\"fusion-text fusion-text-1\"><p>Sansibar ist als Gew\u00fcrzinsel bekannt. Die wundersch\u00f6ne Insel an der Ostk\u00fcste Afrikas strotzt nur so vor Kultur und Geschichte, bei wei\u00dfen Sandstr\u00e4nde mit Palmen, die sich tr\u00e4ge in der Meeresbrise wiegen.<\/p>\n<p>Diese Mischung macht Sansibar zu einem fabelhaften Ort zum Erkunden sowie zu einem Traum zum Entspannen und Erholen.<\/p>\n<p>Die Insel ist der halbautonome Teil Tansanias.\u00a0Es besteht aus dem Sansibar-Archipel im Indischen Ozean, 25-50 km vor der K\u00fcste des Festlandes, und besteht aus vielen kleinen Inseln und zwei gro\u00dfen:<\/p>\n<p><a href=\"https:\/\/de.wikipedia.org\/wiki\/Unguja\" target=\"_blank\" rel=\"noopener\">Unguja<\/a> (die Hauptinsel, informell als Sansibar) und Pemba.\u00a0Sansibar z\u00e4hlt mit seiner Hauptstadt Sansibar-Stadt zu den Weltkulturerbest\u00e4tten.<\/p>\n<p>Die portugiesische Invasion und Kontrolle der Swahili-K\u00fcste im sp\u00e4ten 16. Jahrhundert beendete das goldene Zeitalter des Archipels, obwohl die omanischen Araber weniger als ein Jahrhundert sp\u00e4ter an die Macht zur\u00fcckkehrten.<\/p>\n<p>Heute sind viele der verwinkelten Gassen und hohen Stadth\u00e4user der Altstadt von Stone Town unver\u00e4ndert und Besucher k\u00f6nnen zwischen dem Sultanspalast, dem Haus der Wunder, der portugiesischen Festung und den G\u00e4rten, den Kaufmannsh\u00e4usern und den t\u00fcrkischen B\u00e4dern der Altstadt spazieren.<\/p>\n<p>Ganzt\u00e4gige Gew\u00fcrztouren zu bewirtschafteten Plantagen bieten Besuchern die M\u00f6glichkeit, den Anbau von Nelken, Vanille, Muskatnuss, Zimt und anderen Gew\u00fcrzen zu beobachten, die die Insel ber\u00fchmt gemacht haben.<\/p>\n<p>Sansibars K\u00fcste bietet einige der sch\u00f6nsten Str\u00e4nde der Welt.\u00a0Im Osten brechen Wellen \u00fcber Korallenriffe und Sandb\u00e4nke vor der K\u00fcste und bei Ebbe kommen kleine Seesterne, Elritzen und Anemonen zum Vorschein.<\/p>\n<p>Im Norden ist das Schwimmen im Meer viel weniger anf\u00e4llig f\u00fcr die Gezeiten, und glatte Str\u00e4nde und wei\u00dfer Sand sorgen f\u00fcr strahlende Tage in der Sonne.<\/p>\n<p>Die Hafenstadt Stone Town dominiert die Westk\u00fcste. Die Str\u00e4nde von Mangapwani, wo bei Ebbe Sklavenh\u00f6hlen zu sehen sind, und das nahe gelegene Bububu sind nur weniger als eine halbe Autostunde entfernt.<\/p>\n<p>Der Chole Island Marine Park in der N\u00e4he von Stone Town \u2013 und die nahe gelegenen Prison-, Grave- und Snake-Inseln \u2013 bieten einen erfrischenden Tagesausflug und eine gute Pause von der Erkundung der verwinkelten Gassen der Altstadt.<\/p>\n<p>An der S\u00fcdk\u00fcste von Sansibar liegt die Menai Bay Conservation Area, ein Meeresschildkr\u00f6tenschutzgebiet f\u00fcr die vom Aussterben bedrohten Arten, die ihre Eier auf der Insel ablegen.<\/p>\n<p>Stra\u00dfen zur S\u00fcdostk\u00fcste f\u00fchren die Besucher durch den Jozani Forest, in dem Sansibars seltene Rote Colobus-Affen und mehrere andere Primaten und kleine Antilopenarten leben.<\/p>\n<h2>Was ist zu tun<\/h2>\n<h3>Gew\u00fcrztour<\/h3>\n<p>Sansibar ist f\u00fcr seinen Gew\u00fcrzhandel bekannt. Gibt es also einen besseren Weg, um in die lokale Kultur einzutauchen, als etwas \u00fcber seine reichste und profitabelste Industrie zu erfahren?\u00a0Touristen k\u00f6nnen aus einer Vielzahl von Touren w\u00e4hlen und die verwinkelten Gassen mit fachkundigen Reiseleitern erkunden, die Sie \u00fcber die Urspr\u00fcnge der Branche informieren und die G\u00e4ste \u00fcber die gro\u00dfe Vielfalt der Gew\u00fcrze informieren, die auf Sansibar produziert und gehandelt werden.<\/p>\n<h3>Stone Town<\/h3>\n<p>Stone Town ist das Herz und die Seele der Insel.\u00a0Eine unglaubliche Mischung aus verwinkelten Gassen und alten Geb\u00e4uden im arabischen Stil, in der Sie sich vor\u00fcbergehend (k\u00f6rperlich und geistig) in der Magie der Stadt verlieren k\u00f6nnen.<\/p>\n<p>Genie\u00dfen Sie die lokale Kultur bei einer Tasse Kaffee von einem lokalen Verk\u00e4ufer oder schlendern Sie einfach weiter durch die Stra\u00dfen und entdecken Sie an jeder Ecke einzigartige kleine Orte.<\/p>\n<h3>Palast-Museum<\/h3>\n<p>Das Palastmuseum, das allgemein als Sultanspalast bekannt ist, ist vielleicht das wichtigste historische Geb\u00e4ude in Stone Town und ein Muss f\u00fcr jeden Touristen.<\/p>\n<p>Das Palastmuseum befindet sich direkt am Wasser mit Blick auf den Ozean und wurde im 19. Jahrhundert als Wohnhaus f\u00fcr den Sultan und seine Familie erbaut.<\/p>\n<p>Nach der Revolution von 1964 wurde das Gel\u00e4nde als Regierungsgeb\u00e4ude genutzt und in The People&#8217;s Palace umbenannt. Heute dient es als Museum, das Relikte der ehemaligen Sultan-Familie zeigt.<\/p>\n<h3>Haus der Wunder<\/h3>\n<p>Das House of Wonders ist ein \u00e4u\u00dferst wichtiges und optisch beeindruckendes historisches Geb\u00e4ude in Stone Town.<\/p>\n<p>Es beherbergt eine hochinteressante Ausstellung und bietet einen brillanten Einblick in die Kultur Sansibars und der Swahili.<\/p>\n<p>Das House of Wonders ist das pr\u00e4chtigste und h\u00f6chste Geb\u00e4ude in ganz Stone Town und befindet sich in prominenter Lage vor den Forodhani Gardens an der Strandpromenade der Altstadt in der Mizingani Road.<\/p>\n<h3>Die alte Festung<\/h3>\n<p>Das \u00e4lteste Geb\u00e4ude in Stone Town, das Old Fort, liegt direkt am Meer, vor den ber\u00fchmten Forodhani-G\u00e4rten.<\/p>\n<p>Urspr\u00fcnglich im 17. Jahrhundert erbaut, um die Insel vor Angriffen der Portugiesen zu sch\u00fctzen, ist das Old Fort heute eine der wichtigsten Sehensw\u00fcrdigkeiten von Stone Town.<\/p>\n<p>Besucher k\u00f6nnen die \u00dcberreste der ehemaligen Festung bewundern und durch den Innenhof im Zentrum schlendern, wo Verk\u00e4ufer lokale Produkte zum Verkauf anbieten.\u00a0Im alten Amphitheater in der Festung finden heute noch Veranstaltungen statt.<\/p>\n<h3>Forodhani-Markt<\/h3>\n<p>Forodhani, ein spektakul\u00e4rer n\u00e4chtlicher Lebensmittelmarkt, \u00f6ffnet am sp\u00e4ten Nachmittag in Stone Town.<\/p>\n<p>Das Treiben und die Energie dieses Marktes sind spektakul\u00e4r und hier finden Sie frische lokale Produkte sowie frisch gegrillten Fisch, Fleisch und Gem\u00fcse.<\/p>\n<p>Die Meeresfr\u00fcchte-Optionen sind bei weitem die beliebtesten und der Fisch wird mit frittierten Kartoffelb\u00e4llchen, Naan-Brot und Samosas serviert.<\/p>\n<h3>Jozani-Wald<\/h3>\n<p>Jozani ist eine riesige und malerische Gr\u00fcnfl\u00e4che und der letzte indigene Wald auf Sansibar.<\/p>\n<p>Im Landesinneren von Chwaka Bay gelegen, wird das Gebiet oft \u00fcberschwemmt, was den einzigartigen Sumpfwald mit vielen erstaunlich aussehenden B\u00e4umen und Farnen n\u00e4hrt.<\/p>\n<h3>Besuchen Sie die Gef\u00e4ngnisinsel<\/h3>\n<p>Prison Island ist eine halbst\u00fcndige Bootsfahrt von Sansibar entfernt und bietet einen faszinierenden Einblick in die etwas dunkle Vergangenheit der Insel.<\/p>\n<p>Sie wurde einst als Ort der Inhaftierung von Sklaven genutzt und diente nach der Abschaffung der Sklaverei als Lager f\u00fcr Menschen mit t\u00f6dlichen Krankheiten.<\/p>\n<p>Gl\u00fccklicherweise ist das alles Vergangenheit und heute ist die Insel ein Naturschutzgebiet f\u00fcr Riesenschildkr\u00f6ten und ein Ort, um die Ruinen zu sehen, die einst als Gef\u00e4ngnis dienten.<\/p>\n<h3>Nungwi-Strand<\/h3>\n<p>Nungwi ist ein Dorf an der Nordwestspitze von Sansibar.\u00a0Dies ist ein beliebter Ort, der jedoch nicht von Touristen \u00fcberlaufen wird, und er ist einer der besten Str\u00e4nde von Sansibar, da die Flut nicht zu weit vordringt.<\/p>\n<p>Dies ist ein gro\u00dfartiger Strand f\u00fcr diejenigen, die einfach nur ein bisschen Sonne tanken und ihre Zehen ins Meer tauchen m\u00f6chten, aber nicht den Luxus eines schicken Hotels brauchen.<\/p>\n<h2>Was ist die beste Reisezeit f\u00fcr Sansibar?<\/h2>\n<p>Es gibt keine schlechte Reisezeit f\u00fcr Sansibar, aber die beste Reisezeit f\u00fcr Sansibar ist von Juni bis Oktober w\u00e4hrend der k\u00fchlen Jahreszeit.<\/p>\n<p>Von Dezember bis Februar ist es hei\u00df und trocken.\u00a0Es ist eine weitere beliebte Zeit, Sansibar zu besuchen, vor allem f\u00fcr diejenigen, die davon tr\u00e4umen, sich Wasseraktivit\u00e4ten im Meer hinzugeben.<\/p>\n<\/div><\/div><\/div><\/div><\/div>\n","protected":false},"excerpt":{"rendered":"","protected":false},"author":1,"featured_media":33696,"parent":0,"menu_order":0,"comment_status":"closed","ping_status":"closed","template":"100-width.php","meta":{"_acf_changed":false,"footnotes":""},"class_list":["post-33201","page","type-page","status-publish","has-post-thumbnail","hentry"],"acf":[],"_links":{"self":[{"href":"https:\/\/www.blessingsafaris.com\/de\/wp-json\/wp\/v2\/pages\/33201","targetHints":{"allow":["GET"]}}],"collection":[{"href":"https:\/\/www.blessingsafaris.com\/de\/wp-json\/wp\/v2\/pages"}],"about":[{"href":"https:\/\/www.blessingsafaris.com\/de\/wp-json\/wp\/v2\/types\/page"}],"author":[{"embeddable":true,"href":"https:\/\/www.blessingsafaris.com\/de\/wp-json\/wp\/v2\/users\/1"}],"replies":[{"embeddable":true,"href":"https:\/\/www.blessingsafaris.com\/de\/wp-json\/wp\/v2\/comments?post=33201"}],"version-history":[{"count":4,"href":"https:\/\/www.blessingsafaris.com\/de\/wp-json\/wp\/v2\/pages\/33201\/revisions"}],"predecessor-version":[{"id":33698,"href":"https:\/\/www.blessingsafaris.com\/de\/wp-json\/wp\/v2\/pages\/33201\/revisions\/33698"}],"wp:featuredmedia":[{"embeddable":true,"href":"https:\/\/www.blessingsafaris.com\/de\/wp-json\/wp\/v2\/media\/33696"}],"wp:attachment":[{"href":"https:\/\/www.blessingsafaris.com\/de\/wp-json\/wp\/v2\/media?parent=33201"}],"curies":[{"name":"wp","href":"https:\/\/api.w.org\/{rel}","templated":true}]}}