{"id":33197,"date":"2025-05-17T06:13:12","date_gmt":"2025-05-17T06:13:12","guid":{"rendered":"https:\/\/www.blessingsafaris.com\/de\/?page_id=33197"},"modified":"2025-09-02T11:43:32","modified_gmt":"2025-09-02T11:43:32","slug":"ruaha-nationalpark","status":"publish","type":"page","link":"https:\/\/www.blessingsafaris.com\/de\/ruaha-nationalpark\/","title":{"rendered":"Ruaha-Nationalpark"},"content":{"rendered":"<div class=\"fusion-fullwidth fullwidth-box fusion-builder-row-1 fusion-flex-container nonhundred-percent-fullwidth non-hundred-percent-height-scrolling fusion-custom-z-index\" style=\"--link_color: #000000;--awb-border-radius-top-left:0px;--awb-border-radius-top-right:0px;--awb-border-radius-bottom-right:0px;--awb-border-radius-bottom-left:0px;--awb-z-index:99;--awb-padding-top:50px;--awb-padding-bottom:60px;--awb-flex-wrap:wrap;\" ><div class=\"fusion-builder-row fusion-row fusion-flex-align-items-flex-start fusion-flex-justify-content-center fusion-flex-content-wrap\" style=\"max-width:1248px;margin-left: calc(-4% \/ 2 );margin-right: calc(-4% \/ 2 );\"><div class=\"fusion-layout-column fusion_builder_column fusion-builder-column-0 fusion_builder_column_2_3 2_3 fusion-flex-column\" style=\"--awb-bg-size:cover;--awb-width-large:66.666666666667%;--awb-margin-top-large:0px;--awb-spacing-right-large:10px;--awb-margin-bottom-large:0px;--awb-spacing-left-large:2.88%;--awb-width-medium:66.666666666667%;--awb-order-medium:0;--awb-spacing-right-medium:10px;--awb-spacing-left-medium:2.88%;--awb-width-small:100%;--awb-order-small:0;--awb-spacing-right-small:1.92%;--awb-spacing-left-small:1.92%;\" id=\"overview\"><div class=\"fusion-column-wrapper fusion-column-has-shadow fusion-flex-justify-content-flex-start fusion-content-layout-column\"><div class=\"fusion-text fusion-text-1\"><p>Ruaha ist der Park, in dem Wildbeobachtungen beginnen k\u00f6nnen, sobald das Flugzeug aufsetzt.<\/p>\n<p>Der Park ist reich an Pflanzen und Tieren. Der Park r\u00fchmt sich seines fast unber\u00fchrten und unerforschten \u00d6kosystems, was das Safari-Erlebnis einzigartig macht.<\/p>\n<p>Der Great Ruaha River ist wie andere Fl\u00fcsse wie Mwagusi, Jongomero und Mzombe die Lebensader des Parks.<\/p>\n<p>W\u00e4hrend der Trockenzeit werden diese Fl\u00fcsse meist zur Hauptwasserquelle f\u00fcr Wildtiere.<\/p>\n<p>Auf dem H\u00f6hepunkt der Trockenzeit sch\u00f6pfen Elefanten mit ihren Vorderf\u00fc\u00dfen und R\u00fcssel Wasser aus trockenen Sandfl\u00fcssen.<\/p>\n<p>Die verbleibenden Wasserf\u00e4lle entlang des Great Ruaha River sind auch ein wichtiger Lebensraum f\u00fcr Nilpferde, Fische und Krokodile.<\/p>\n<h2>V\u00f6gel<\/h2>\n<p>Der Park ist eines der Vogelparadiese Tansanias mit mehr als 571 Arten. Einige von ihnen sind als Zugv\u00f6gel innerhalb und au\u00dferhalb Afrikas bekannt.<\/p>\n<p>Zu den interessanten Arten geh\u00f6rt der in der Gegend vorherrschende Ruaha-Rotschnabel-Nashornvogel (Tokus ruahae).<\/p>\n<p>Das vor kurzem annektierte Feuchtgebiet, das Usangu-Becken, ist eines der wichtigsten Vogelgebiete des Landes (IBA), von Birdlife International anerkannt.<\/p>\n<p>Obwohl das ganze Jahr \u00fcber V\u00f6gel zu sehen sind, ist die beste Zeit f\u00fcr die Vogelbeobachtung w\u00e4hrend der Regenzeit.<\/p>\n<h2>Wildtiere<\/h2>\n<p>Es wird angenommen, dass Ruaha eine h\u00f6here Elefantendichte hat als jeder andere Nationalpark in Ostafrika.<\/p>\n<p>Es ist auch ein Ort, an dem Kudu (sowohl Gro\u00dfe als auch Kleine), Zobel- und Roan-Antilopen im Miombo-Wald leicht gesichtet werden k\u00f6nnen.<\/p>\n<p>Der Park ist auch Lebensraum f\u00fcr vom Aussterben bedrohte Wildhunde.<\/p>\n<p>Andere Tiere sind L\u00f6wen, Leoparden, Geparden, Giraffen, Zebras, Elands, Impalas, Hiebohrf\u00fcchse und Schakale.<\/p>\n<p>Die beste Zeit, um Raubtiere und gro\u00dfe S\u00e4ugetiere zu sehen, ist w\u00e4hrend der Trockenzeit (Mitte Mai bis Dezember).<\/p>\n<h2>KLIMA<\/h2>\n<p>Der Ruaha Nationalpark weist ein bimodales Regenwaldmuster auf;\u00a0die kurze Regenzeit dauert von November bis Februar, w\u00e4hrend die lange Saison zwischen M\u00e4rz und April liegt.<\/p>\n<p>Die durchschnittliche j\u00e4hrliche Niederschlagsmenge liegt bei 500-800 mm, bei einer durchschnittlichen Jahrestemperatur von etwa 28\u00b0C.<\/p>\n<p>Der Park erlebt seine Trockenzeit zwischen Juni und Oktober, wenn die Temperatur am Hauptsitz von Msembe 35\u00b0C erreicht.<\/p>\n<h2>PARKGESCHICHTE<\/h2>\n<p>Die Geschichte des Parks reicht bis ins Jahr 1910 zur\u00fcck, als er von Deutschland zum Saba Game Reserve ernannt wurde, dann wurde der Name 1946 von den Briten in Rungwa Game Reserve ge\u00e4ndert.<\/p>\n<p>1964 wurde der s\u00fcdliche Teil des Gebietes als Ruaha National Park benannt und 1974 ein kleiner Teil des s\u00fcd\u00f6stlichen \u201eGreat Ruaha River\u201c in den Park eingegliedert.\u00a0Der Name \u201eRuaha\u201c leitet sich vom Hehe-Wort \u201eRuvaha\u201c ab, was \u201eFluss\u201c bedeutet.<\/p>\n<p>Der Ruaha-Nationalpark mit einer Fl\u00e4che von etwa 20226 km\u00b2 ist Teil des Rungwa-Kizigo-Muhesi-\u00d6kosystems, das mehr als 45000 km\u00b2 umfasst.<\/p>\n<\/div><\/div><\/div><\/div><\/div>\n","protected":false},"excerpt":{"rendered":"","protected":false},"author":1,"featured_media":33301,"parent":0,"menu_order":0,"comment_status":"closed","ping_status":"closed","template":"100-width.php","meta":{"_acf_changed":false,"footnotes":""},"class_list":["post-33197","page","type-page","status-publish","has-post-thumbnail","hentry"],"acf":[],"_links":{"self":[{"href":"https:\/\/www.blessingsafaris.com\/de\/wp-json\/wp\/v2\/pages\/33197","targetHints":{"allow":["GET"]}}],"collection":[{"href":"https:\/\/www.blessingsafaris.com\/de\/wp-json\/wp\/v2\/pages"}],"about":[{"href":"https:\/\/www.blessingsafaris.com\/de\/wp-json\/wp\/v2\/types\/page"}],"author":[{"embeddable":true,"href":"https:\/\/www.blessingsafaris.com\/de\/wp-json\/wp\/v2\/users\/1"}],"replies":[{"embeddable":true,"href":"https:\/\/www.blessingsafaris.com\/de\/wp-json\/wp\/v2\/comments?post=33197"}],"version-history":[{"count":4,"href":"https:\/\/www.blessingsafaris.com\/de\/wp-json\/wp\/v2\/pages\/33197\/revisions"}],"predecessor-version":[{"id":33714,"href":"https:\/\/www.blessingsafaris.com\/de\/wp-json\/wp\/v2\/pages\/33197\/revisions\/33714"}],"wp:featuredmedia":[{"embeddable":true,"href":"https:\/\/www.blessingsafaris.com\/de\/wp-json\/wp\/v2\/media\/33301"}],"wp:attachment":[{"href":"https:\/\/www.blessingsafaris.com\/de\/wp-json\/wp\/v2\/media?parent=33197"}],"curies":[{"name":"wp","href":"https:\/\/api.w.org\/{rel}","templated":true}]}}