{"id":33192,"date":"2025-05-17T06:10:09","date_gmt":"2025-05-17T06:10:09","guid":{"rendered":"https:\/\/www.blessingsafaris.com\/de\/?page_id=33192"},"modified":"2025-12-29T05:17:29","modified_gmt":"2025-12-29T05:17:29","slug":"ngorongoro-krater","status":"publish","type":"page","link":"https:\/\/www.blessingsafaris.com\/de\/ngorongoro-krater\/","title":{"rendered":"Ngorongoro-Krater"},"content":{"rendered":"<div class=\"fusion-fullwidth fullwidth-box fusion-builder-row-1 fusion-flex-container nonhundred-percent-fullwidth non-hundred-percent-height-scrolling fusion-custom-z-index\" style=\"--link_color: #000000;--awb-border-radius-top-left:0px;--awb-border-radius-top-right:0px;--awb-border-radius-bottom-right:0px;--awb-border-radius-bottom-left:0px;--awb-z-index:99;--awb-padding-top:50px;--awb-padding-bottom:60px;--awb-flex-wrap:wrap;\" ><div class=\"fusion-builder-row fusion-row fusion-flex-align-items-flex-start fusion-flex-justify-content-center fusion-flex-content-wrap\" style=\"max-width:1248px;margin-left: calc(-4% \/ 2 );margin-right: calc(-4% \/ 2 );\"><div class=\"fusion-layout-column fusion_builder_column fusion-builder-column-0 fusion_builder_column_2_3 2_3 fusion-flex-column\" style=\"--awb-bg-size:cover;--awb-width-large:66.666666666667%;--awb-margin-top-large:0px;--awb-spacing-right-large:10px;--awb-margin-bottom-large:0px;--awb-spacing-left-large:2.88%;--awb-width-medium:66.666666666667%;--awb-order-medium:0;--awb-spacing-right-medium:10px;--awb-spacing-left-medium:2.88%;--awb-width-small:100%;--awb-order-small:0;--awb-spacing-right-small:1.92%;--awb-spacing-left-small:1.92%;\" id=\"overview\"><div class=\"fusion-column-wrapper fusion-column-has-shadow fusion-flex-justify-content-flex-start fusion-content-layout-column\"><div class=\"fusion-text fusion-text-1\"><p>Ngorongoro Conservation Area ist ein bahnbrechendes Experiment mit multipler Landnutzung.<\/p>\n<p>Der Park verbindet den Schutz der Einheimischen mit dem Schutz der wilden Natur. Das Gebiet ist Teil des Serengeti-\u00d6kosystems und grenzt im Nordwesten an den Serengeti-Nationalpark und die s\u00fcdliche Serengeti-Ebene.<\/p>\n<p>Diese Ebenen erstrecken sich auch nach Norden in die ungesch\u00fctzte Loliondo-Division und werden durch die von den Massai praktizierte Wanderweidewirtschaft f\u00fcr Wildtiere offen gehalten.<\/p>\n<p>Der S\u00fcden und Westen des Gebiets sind vulkanisches Hochland, darunter der ber\u00fchmte <a href=\"https:\/\/de.wikipedia.org\/wiki\/Ngorongoro\" target=\"_blank\" rel=\"noopener\">Ngorongoro-Krater<\/a> und der weniger bekannte Empakaai-Krater.<\/p>\n<p>Die s\u00fcdliche und \u00f6stliche Grenze werden ungef\u00e4hr durch den Rand des East African Rift Wall definiert, der auch Tierwanderungen in diese Richtungen verhindert.<\/p>\n<p>Der wichtigste Teil der Ngorongoro Conservation Authority (NCAA) ist der Ngorongoro-Krater, die weltweit gr\u00f6\u00dfte inaktive, intakte und ungef\u00fcllte vulkanische Caldera.<\/p>\n<p>Der Krater, der vor zwei bis drei Millionen Jahren entstand, als ein gro\u00dfer Vulkan explodierte und in sich zusammenbrach, ist 610 Meter tief und sein Boden umfasst 260 Quadratkilometer.<\/p>\n<p>Sch\u00e4tzungen \u00fcber die H\u00f6he des urspr\u00fcnglichen Vulkans reichen von 4.500 bis 5.800 Metern.\u00a0Der Ngorongoro-Vulkan war vor etwa 2,45 bis 2 Millionen Jahren aktiv. Der Kraterboden liegt 1.800 Meter \u00fcber dem Meeresspiegel.<\/p>\n<p>Der Krater wurde 2012 von Sieben Naturwundern zu einem der Sieben Naturwunder Afrikas gew\u00e4hlt.<\/p>\n<p>Der Ngorongoro-Krater ist ein beeindruckendes Naturschutzgebiet f\u00fcr fast alle gro\u00dfen S\u00e4ugetierarten.\u00a0Bemerkenswerterweise lebt hier noch eines der vom Aussterben bedrohten Spitzmaulnash\u00f6rner.<\/p>\n<p>Die Dichte an Raubtieren, angef\u00fchrt von L\u00f6wen und Hy\u00e4nen, ist einzigartig . Hier leben auch die Massai, die vor 300 Jahren nach Tansania eingewandert sind, die mitten im Park ihr Vieh weiden lassen.<\/p>\n<p>Der Park ist das ganze Jahr \u00fcber leicht und schnell zug\u00e4nglich und liegt 177 km von Arusha entfernt.<\/p>\n<\/div><\/div><\/div><\/div><\/div>\n","protected":false},"excerpt":{"rendered":"","protected":false},"author":1,"featured_media":33302,"parent":0,"menu_order":0,"comment_status":"closed","ping_status":"closed","template":"100-width.php","meta":{"_acf_changed":false,"footnotes":""},"class_list":["post-33192","page","type-page","status-publish","has-post-thumbnail","hentry"],"acf":[],"_links":{"self":[{"href":"https:\/\/www.blessingsafaris.com\/de\/wp-json\/wp\/v2\/pages\/33192","targetHints":{"allow":["GET"]}}],"collection":[{"href":"https:\/\/www.blessingsafaris.com\/de\/wp-json\/wp\/v2\/pages"}],"about":[{"href":"https:\/\/www.blessingsafaris.com\/de\/wp-json\/wp\/v2\/types\/page"}],"author":[{"embeddable":true,"href":"https:\/\/www.blessingsafaris.com\/de\/wp-json\/wp\/v2\/users\/1"}],"replies":[{"embeddable":true,"href":"https:\/\/www.blessingsafaris.com\/de\/wp-json\/wp\/v2\/comments?post=33192"}],"version-history":[{"count":7,"href":"https:\/\/www.blessingsafaris.com\/de\/wp-json\/wp\/v2\/pages\/33192\/revisions"}],"predecessor-version":[{"id":33839,"href":"https:\/\/www.blessingsafaris.com\/de\/wp-json\/wp\/v2\/pages\/33192\/revisions\/33839"}],"wp:featuredmedia":[{"embeddable":true,"href":"https:\/\/www.blessingsafaris.com\/de\/wp-json\/wp\/v2\/media\/33302"}],"wp:attachment":[{"href":"https:\/\/www.blessingsafaris.com\/de\/wp-json\/wp\/v2\/media?parent=33192"}],"curies":[{"name":"wp","href":"https:\/\/api.w.org\/{rel}","templated":true}]}}