{"id":33187,"date":"2025-05-17T06:07:09","date_gmt":"2025-05-17T06:07:09","guid":{"rendered":"https:\/\/www.blessingsafaris.com\/de\/?page_id=33187"},"modified":"2026-02-13T08:46:21","modified_gmt":"2026-02-13T08:46:21","slug":"kilimandscharo","status":"publish","type":"page","link":"https:\/\/www.blessingsafaris.com\/de\/kilimandscharo\/","title":{"rendered":"Besteigung des Kilimandscharo"},"content":{"rendered":"<div class=\"fusion-fullwidth fullwidth-box fusion-builder-row-1 fusion-flex-container nonhundred-percent-fullwidth non-hundred-percent-height-scrolling\" style=\"--awb-border-radius-top-left:0px;--awb-border-radius-top-right:0px;--awb-border-radius-bottom-right:0px;--awb-border-radius-bottom-left:0px;--awb-padding-top:40px;--awb-padding-bottom:40px;--awb-padding-top-medium:30px;--awb-padding-top-small:20px;--awb-background-color:#ffffff;--awb-flex-wrap:wrap;\" id=\"about\" ><div class=\"fusion-builder-row fusion-row fusion-flex-align-items-flex-start fusion-flex-content-wrap\" style=\"max-width:1248px;margin-left: calc(-4% \/ 2 );margin-right: calc(-4% \/ 2 );\"><div class=\"fusion-layout-column fusion_builder_column fusion-builder-column-0 fusion_builder_column_1_1 1_1 fusion-flex-column\" style=\"--awb-padding-right:14%;--awb-padding-left:14%;--awb-padding-right-medium:0px;--awb-padding-left-medium:0px;--awb-bg-size:cover;--awb-width-large:100%;--awb-margin-top-large:0px;--awb-spacing-right-large:1.92%;--awb-margin-bottom-large:0px;--awb-spacing-left-large:1.92%;--awb-width-medium:100%;--awb-order-medium:0;--awb-spacing-right-medium:1.92%;--awb-spacing-left-medium:1.92%;--awb-width-small:100%;--awb-order-small:0;--awb-spacing-right-small:1.92%;--awb-spacing-left-small:1.92%;\" id=\"about\"><div class=\"fusion-column-wrapper fusion-column-has-shadow fusion-flex-justify-content-flex-start fusion-content-layout-column\"><div class=\"fusion-text fusion-text-1\"><h2>Bergsteiger f\u00fcr die Besteigung des Kilimandscharo<\/h2>\n<p>Der Kilimanjaro ist Afrikas h\u00f6chster Berg. Er liegt bei 2\u00b050\u2032-3\u00b010\u2032S und 37\u00b000\u2032-37\u00b040\u2032E in Tansania. Er ist der h\u00f6chste freistehende Berg der Welt und mit seinen 5895 Metern eine der grandiosen Sehensw\u00fcrdigkeiten des Kontinents.<\/p>\n<p>Der Kilimanjaro hat drei vulkanische Gipfel: Kibo, Mawenzi und Shira. Der Name \u201eKilimanjaro\u201c bedeutet \u201eein in Wolken geh\u00fclltes Mysterium\u201c.<\/p>\n<p>Die lokalen Bewohner, die Wachagga, verf\u00fcgen \u00fcber keinen spezifischen Namen f\u00fcr das gesamte Massiv. Lediglich Kipoo (heute bekannt als Kibo) wird f\u00fcr den bekannten schneebedeckten Gipfel verwendet, der dominiert \u00fcber den Kontinent und als Gipfel Afrikas gilt.<\/p>\n<p>Der Kilimanjaro liegt in der N\u00e4he der Stadt Moshi und ist ein gesch\u00fctztes Gebiet. Die \u00d6kosysteme des Berges sind ebenso auffallend sch\u00f6n wie vielf\u00e4ltig. Auf den<\/p>\n<p>Tieflandh\u00e4ngen ist ein Gro\u00dfteil des Berges Ackerland, auf dem Kaffee, Bananen, Maniok und Mais f\u00fcr den Lebensunterhalt und den Verkauf angebaut werden.<\/p>\n<p>An den unteren H\u00e4ngen gibt es noch einige gr\u00f6\u00dfere Kaffeefarmen, aber ein Gro\u00dfteil dieses Gebiets au\u00dferhalb des Nationalparks wurde in kleine Parzellen aufgeteilt.<\/p>\n<p>Im Park angekommen, bedeckt dichter Tieflandwald die tieferen Lagen und geht in alpine Wiesen \u00fcber, sobald die Luft d\u00fcnner wird.<\/p>\n<p>In der N\u00e4he des Gipfels ist die Landschaft rau und karg, mit Felsen und Eis, und bietet einen atemberaubenden Blick \u00fcber Afrika.<\/p>\n<p>Die Besteigung des Kilimanjaro ist der H\u00f6hepunkt f\u00fcr viele Besucher Tansanias. Nur wenige Berge k\u00f6nnen die Erhabenheit, die atemberaubende Aussicht auf den Amboseli-Nationalpark in Kenia, das Rift Valley und die zum Kilimanjaro geh\u00f6rende Maasai-Steppe, bieten.<\/p>\n<p>Wandern auf dem Dach Afrikas ist das Abenteuer Ihres Lebens. Bei dem richtigen Tempo kann jeder, vom erfahrenen Wanderer bis zum erstmaligen Enthusiasten, den schneebedeckten Gipfel erklimmen.<\/p>\n<p>Aber der Kilimanjaro hat so viel mehr zu bieten als nur seinen Gipfel. Die Besteigung der Pisten ist eine virtuelle klimatische Weltreise, von den Tropen bis in die Arktis.<\/p>\n<p>Noch bevor Sie die Nationalparkgrenze (auf der 2.700 m H\u00f6henlinie) \u00fcberqueren, weichen die kultivierten Fu\u00dfh\u00e4nge einem \u00fcppigen Bergwald, der von nur selten zu beobachtenden Elefanten, Leoparden, B\u00fcffeln, dem vom Aussterben bedrohten Abbott-Ducker sowie anderen kleinen Antilopen und Primaten bewohnt wird.<\/p>\n<p>Noch h\u00f6her liegt die Moorzone, die mit einer Decke aus Riesenheide und Riesenlobelien \u00fcbers\u00e4t ist. Oberhalb von 4.000 m bietet eine surreale Alpenw\u00fcste kaum Leben, au\u00dfer ein paar winterharten Moosen und Flechten.<\/p>\n<p>Dann endlich weichen die letzten Vegetationsreste einem Winterwunderland aus Eis und Schnee \u2013 und der grandiosen Sch\u00f6nheit des Daches des Kontinents.<\/p>\n<h2>Wie lange dauert die Besteigung des Kilimandscharo und wie viele Menschen besteigen ihn?<\/h2>\n<p>Je nach Route k\u00f6nnen Sie den Kilimandscharo in 5 bis 8 Tagen besteigen.<\/p>\n<ul>\n<li><a href=\"https:\/\/www.blessingsafaris.com\/de\/5-tage-marangu-route\/\">Die\u00a0Marangu-Route dauert 5 bis 6 Tage<\/a><\/li>\n<li>Die Umbwe-Route dauert 6 Tage<\/li>\n<li>Die\u00a0Rongai-Route dauert 6 Tage<\/li>\n<li><a href=\"https:\/\/www.blessingsafaris.com\/de\/6-tage-machame-route\/\">Die\u00a0Machame-Route dauert 6 bis 7 Tage<\/a><\/li>\n<li><a href=\"https:\/\/www.blessingsafaris.com\/de\/7-tage-lemosho-route\/\">Die\u00a0Lemosho-Route dauert 7 bis 8 Tage<\/a><\/li>\n<\/ul>\n<p>Es wird empfohlen, sich zu Beginn jeder Route Zeit zu nehmen, um sich zu akklimatisieren. Je schneller Sie in die H\u00f6he steigen, desto wahrscheinlicher ist die akute H\u00f6henkrankheit, also nehmen Sie sich Zeit und genie\u00dfen Sie die Natur.<\/p>\n<p>Es wird gesch\u00e4tzt, dass j\u00e4hrlich mehr als 30.000 Menschen den Kilimandscharo besteigen.<\/p>\n<h2>Wie hoch ist die Erfolgsquote beim Kilimanjaro-Gipfel?<\/h2>\n<p>F\u00fcr eine hohe Wahrscheinlichkeit eines Gipfelerfolgs wird empfohlen, mehrere Tage auf dem Kilimandscharo zu verbringen, da Sie gen\u00fcgend Zeit zur Akklimatisierung ben\u00f6tigen. Im Folgenden sind die Erfolgsraten des Kilimanjaro-Nationalparks aufgef\u00fchrt.<\/p>\n<ul>\n<li style=\"font-weight: 400;\">Alle Kletterer erreichen auf allen Routen in 45 % den Gipfel.<\/li>\n<li style=\"font-weight: 400;\">Bei den 5-Tage-Routen liegt die Erfolgsquote bei 27 %.<\/li>\n<li style=\"font-weight: 400;\">Bei den 6-Tage-Routen liegt die Erfolgsquote bei 44 %.<\/li>\n<li style=\"font-weight: 400;\">Bei den 7-Tage-Routen liegt die Erfolgsquote bei 64 %.<\/li>\n<li style=\"font-weight: 400;\">Bei den 8-Tage-Routen liegt die Erfolgsquote bei 85 %.<\/li>\n<\/ul>\n<h2>Wann ist die beste Zeit, um den Kilimandscharo zu besteigen?<\/h2>\n<p>Der Kilimanjaro kann das ganze Jahr \u00fcber bestiegen werden, besser ist es jedoch w\u00e4hrend der Trockenzeit, von Anfang Dezember bis Anfang M\u00e4rz, und von Ende Juni bis Ende Oktober.<\/p>\n<p>Die Hauptsaison ist von August bis September. Die gro\u00dfe Regenzeit dauert von Ende M\u00e4rz bis Mitte Mai.<\/p>\n<p>Lesen Sie mehr \u00fcber die <a href=\"https:\/\/www.blessingsafaris.com\/mount-kilimanjaro\/the-best-time-to-climb-kilimanjaro\/\">beste Zeit f\u00fcr die Besteigung des Kilimandscharos<\/a><\/p>\n<h2>Wie lange gehe ich pro Tag?<\/h2>\n<p>Die Entfernung zwischen Camp zu Camp ist unterschiedlich und h\u00e4ngt auch von der Route und Ihrem Tempo ab; durchschnittlich sollten es etwa 5 Stunden pro Tag sein. Ihr Guide gibt Ihnen ein angenehmes Tempo vor, damit Sie Ihren Urlaub genie\u00dfen k\u00f6nnen.<\/p>\n<h2>Was soll ich f\u00fcr den Kilimandscharo einpacken?<\/h2>\n<p>Um eine bequeme Reise zum Kilimandscharo zu unternehmen, stellen Sie sicher, dass Sie gut ausgestattet sind. Sie ben\u00f6tigen Regenkleidung, warme Kleidung, wasserdichte Stiefel, Tagesrucksack, Seesack, Wanderst\u00f6cke, Schlafsack, Wasserflasche, Isomatte oder Matratze, Sonnenbrille, Sonnencreme, Kamera, Ersatzbatterien, Snacks, Stirnlampe, Sonnenhut, Handtuch, Buff, Sturmhaube, Maske, Poncho, Gamaschen, Reisepass und Visum.<\/p>\n<h2>Wie ist das Wetter auf dem Kilimandscharo?<\/h2>\n<p>Das <a href=\"https:\/\/www.blessingsafaris.com\/mount-kilimanjaro\/what-is-the-weather-on-mount-kilimanjaro\/\">Wetter auf dem Kilimanjaro<\/a> ist unberechenbar, mal kalt, mal hei\u00df, mal Regen, mal Wind, mal Schnee etc.<\/p>\n<p>Es wird empfohlen, gut ausger\u00fcstet zu sein und jederzeit f\u00fcr jedes Wetter vorbereitet zu sein. Das Wetter h\u00e4ngt auch von den Zonen ab: Manchmal betr\u00e4gt die Temperatur am Fu\u00dfe des Berges bis zu 27 \u00b0F, sinkt jedoch beim Aufstieg. Am Uhuru-Gipfel erreicht die Temperatur bis zu -20 \u00b0F.<\/p>\n<h2>Wie lange kann man auf dem Gipfel des Kilimandscharo bleiben?<\/h2>\n<p>Es h\u00e4ngt von Ihrer aktuellen Situation am Uhuru Peak ab; aufgrund der sehr hohen H\u00f6he und der ausgepr\u00e4gten K\u00e4lte wird jedoch nicht empfohlen, l\u00e4ngere Zeit dort zu verbringen.<\/p>\n<p>10 Minuten oder weniger reichen aus, um ein paar Fotos zu machen und anschlie\u00dfend so schnell wie m\u00f6glich abzusteigen. Es ist gut, den Ratschl\u00e4gen Ihrer Guides zu folgen.<\/p>\n<h2>Rat<\/h2>\n<p>Wir empfehlen, langsam zu klettern (Pole-Pole), um Ihre Akklimatisationszeit zu erh\u00f6hen und Ihre Chancen auf den Gipfel zu maximieren.<\/p>\n<p>Planen Sie mindestens f\u00fcnf N\u00e4chte ein, am besten noch mehr f\u00fcr den Aufstieg, um H\u00f6henkrankheit zu vermeiden. Nehmen Sie sich Zeit und genie\u00dfen Sie die Sch\u00f6nheit des Berges.<\/p>\n<\/div><\/div><\/div><\/div><\/div>\n","protected":false},"excerpt":{"rendered":"","protected":false},"author":1,"featured_media":33303,"parent":0,"menu_order":0,"comment_status":"closed","ping_status":"closed","template":"100-width.php","meta":{"_acf_changed":false,"footnotes":""},"class_list":["post-33187","page","type-page","status-publish","has-post-thumbnail","hentry"],"acf":[],"_links":{"self":[{"href":"https:\/\/www.blessingsafaris.com\/de\/wp-json\/wp\/v2\/pages\/33187","targetHints":{"allow":["GET"]}}],"collection":[{"href":"https:\/\/www.blessingsafaris.com\/de\/wp-json\/wp\/v2\/pages"}],"about":[{"href":"https:\/\/www.blessingsafaris.com\/de\/wp-json\/wp\/v2\/types\/page"}],"author":[{"embeddable":true,"href":"https:\/\/www.blessingsafaris.com\/de\/wp-json\/wp\/v2\/users\/1"}],"replies":[{"embeddable":true,"href":"https:\/\/www.blessingsafaris.com\/de\/wp-json\/wp\/v2\/comments?post=33187"}],"version-history":[{"count":8,"href":"https:\/\/www.blessingsafaris.com\/de\/wp-json\/wp\/v2\/pages\/33187\/revisions"}],"predecessor-version":[{"id":33849,"href":"https:\/\/www.blessingsafaris.com\/de\/wp-json\/wp\/v2\/pages\/33187\/revisions\/33849"}],"wp:featuredmedia":[{"embeddable":true,"href":"https:\/\/www.blessingsafaris.com\/de\/wp-json\/wp\/v2\/media\/33303"}],"wp:attachment":[{"href":"https:\/\/www.blessingsafaris.com\/de\/wp-json\/wp\/v2\/media?parent=33187"}],"curies":[{"name":"wp","href":"https:\/\/api.w.org\/{rel}","templated":true}]}}