{"id":33182,"date":"2025-05-17T06:04:58","date_gmt":"2025-05-17T06:04:58","guid":{"rendered":"https:\/\/www.blessingsafaris.com\/de\/?page_id=33182"},"modified":"2025-09-02T11:55:37","modified_gmt":"2025-09-02T11:55:37","slug":"mikumi-nationalpark","status":"publish","type":"page","link":"https:\/\/www.blessingsafaris.com\/de\/mikumi-nationalpark\/","title":{"rendered":"Mikumi-Nationalpark"},"content":{"rendered":"<div class=\"fusion-fullwidth fullwidth-box fusion-builder-row-1 fusion-flex-container nonhundred-percent-fullwidth non-hundred-percent-height-scrolling fusion-custom-z-index\" style=\"--link_color: #000000;--awb-border-radius-top-left:0px;--awb-border-radius-top-right:0px;--awb-border-radius-bottom-right:0px;--awb-border-radius-bottom-left:0px;--awb-z-index:99;--awb-padding-top:50px;--awb-padding-bottom:60px;--awb-flex-wrap:wrap;\" ><div class=\"fusion-builder-row fusion-row fusion-flex-align-items-flex-start fusion-flex-justify-content-center fusion-flex-content-wrap\" style=\"max-width:1248px;margin-left: calc(-4% \/ 2 );margin-right: calc(-4% \/ 2 );\"><div class=\"fusion-layout-column fusion_builder_column fusion-builder-column-0 fusion_builder_column_2_3 2_3 fusion-flex-column\" style=\"--awb-bg-size:cover;--awb-width-large:66.666666666667%;--awb-margin-top-large:0px;--awb-spacing-right-large:10px;--awb-margin-bottom-large:0px;--awb-spacing-left-large:2.88%;--awb-width-medium:66.666666666667%;--awb-order-medium:0;--awb-spacing-right-medium:10px;--awb-spacing-left-medium:2.88%;--awb-width-small:100%;--awb-order-small:0;--awb-spacing-right-small:1.92%;--awb-spacing-left-small:1.92%;\" id=\"overview\"><div class=\"fusion-column-wrapper fusion-column-has-shadow fusion-flex-justify-content-flex-start fusion-content-layout-column\"><div class=\"fusion-text fusion-text-1\"><p>Zwischen den Uluguru-Bergen und dem Lumango-Gebirge gelegen, ist Mikumi der viertgr\u00f6\u00dfte Nationalpark in Tansania, nur wenige Autostunden von Dar-es-Salaam entfernt, und so ein ideales Safari-Ziel f\u00fcr diejenigen, die wenig Zeit haben.<\/p>\n<p>Der Park hat eine gro\u00dfe Vielfalt an Wildtieren, die leicht zu entdecken und auch gut an Wildbeobachtungen gew\u00f6hnt sind.<\/p>\n<p>Der Mikumi Nationalpark bildet die n\u00f6rdliche Grenze von Afrikas gr\u00f6\u00dftem Wildreservat Selous und wird von der asphaltierten Stra\u00dfe zwischen Dar-es-Salaam und Iringa durchquert.<\/p>\n<p>Es ist somit der am besten zug\u00e4ngliche Teil eines 75.000 Quadratkilometer gro\u00dfen Wildnisgebietes, das sich nach Osten fast bis zum Indischen Ozean erstreckt.<\/p>\n<p>Der offene Horizont und die reiche Tierwelt der Mkata-\u00dcberschwemmungsebene, dem beliebten Herzst\u00fcck von Mikumi, ziehen h\u00e4ufig Vergleiche mit den ber\u00fchmteren Serengeti-Ebenen an.<\/p>\n<p>L\u00f6wen beobachten ihr grasbewachsenes K\u00f6nigreich \u2013 und die Zebra-, Gnus-, Impala- und B\u00fcffelherden, die dar\u00fcber wandern \u2013 von den abgeflachten Spitzen der Termitenh\u00fcgel oder manchmal w\u00e4hrend des Regens von Sitzstangen hoch in den B\u00e4umen.<\/p>\n<p>Giraffen suchen Nahrung in den abgelegenen Akazienbest\u00e4nden, die den Mkata-Fluss s\u00e4umen, Schatteninseln, die auch von Mikumis Elefanten bevorzugt werden.<\/p>\n<p>Dies ist vielleicht der zuverl\u00e4ssigste Ort in Tansania, um die m\u00e4chtigen Elenantilopen, die gr\u00f6\u00dfte Antilope der Welt, und auch die Gro\u00dfen Kudus und die Zobelantilopen zu beobachten.<\/p>\n<p>Es gibt mehr als 400 Vogelarten im Park, mit so farbenfrohen \u00a0 Bewohnern wie der Fliederbrustroller, der Gelbkehlkralle und dem Bateleur-Adler, die w\u00e4hrend der Regenzeit von einer Vielzahl europ\u00e4ischer Migranten begleitet werden.<\/p>\n<p>Flusspferde sind die Hauptattraktion der beiden Pools, die sich 5 km n\u00f6rdlich des Haupteingangstors befinden und von Wasserv\u00f6geln geputzt werden.<\/p>\n<p>Der Park ist ganzj\u00e4hrig zug\u00e4nglich.<\/p>\n<\/div><\/div><\/div><\/div><\/div>\n","protected":false},"excerpt":{"rendered":"","protected":false},"author":1,"featured_media":33305,"parent":0,"menu_order":0,"comment_status":"closed","ping_status":"closed","template":"100-width.php","meta":{"_acf_changed":false,"footnotes":""},"class_list":["post-33182","page","type-page","status-publish","has-post-thumbnail","hentry"],"acf":[],"_links":{"self":[{"href":"https:\/\/www.blessingsafaris.com\/de\/wp-json\/wp\/v2\/pages\/33182","targetHints":{"allow":["GET"]}}],"collection":[{"href":"https:\/\/www.blessingsafaris.com\/de\/wp-json\/wp\/v2\/pages"}],"about":[{"href":"https:\/\/www.blessingsafaris.com\/de\/wp-json\/wp\/v2\/types\/page"}],"author":[{"embeddable":true,"href":"https:\/\/www.blessingsafaris.com\/de\/wp-json\/wp\/v2\/users\/1"}],"replies":[{"embeddable":true,"href":"https:\/\/www.blessingsafaris.com\/de\/wp-json\/wp\/v2\/comments?post=33182"}],"version-history":[{"count":4,"href":"https:\/\/www.blessingsafaris.com\/de\/wp-json\/wp\/v2\/pages\/33182\/revisions"}],"predecessor-version":[{"id":33589,"href":"https:\/\/www.blessingsafaris.com\/de\/wp-json\/wp\/v2\/pages\/33182\/revisions\/33589"}],"wp:featuredmedia":[{"embeddable":true,"href":"https:\/\/www.blessingsafaris.com\/de\/wp-json\/wp\/v2\/media\/33305"}],"wp:attachment":[{"href":"https:\/\/www.blessingsafaris.com\/de\/wp-json\/wp\/v2\/media?parent=33182"}],"curies":[{"name":"wp","href":"https:\/\/api.w.org\/{rel}","templated":true}]}}