{"id":33176,"date":"2025-05-17T06:00:52","date_gmt":"2025-05-17T06:00:52","guid":{"rendered":"https:\/\/www.blessingsafaris.com\/de\/?page_id=33176"},"modified":"2026-01-13T01:23:13","modified_gmt":"2026-01-13T01:23:13","slug":"manyara-nationalpark","status":"publish","type":"page","link":"https:\/\/www.blessingsafaris.com\/de\/manyara-nationalpark\/","title":{"rendered":"Manyara-Nationalpark"},"content":{"rendered":"<div class=\"fusion-fullwidth fullwidth-box fusion-builder-row-1 fusion-flex-container nonhundred-percent-fullwidth non-hundred-percent-height-scrolling fusion-custom-z-index\" style=\"--link_color: #000000;--awb-border-radius-top-left:0px;--awb-border-radius-top-right:0px;--awb-border-radius-bottom-right:0px;--awb-border-radius-bottom-left:0px;--awb-z-index:99;--awb-padding-top:50px;--awb-padding-bottom:60px;--awb-flex-wrap:wrap;\" ><div class=\"fusion-builder-row fusion-row fusion-flex-align-items-flex-start fusion-flex-justify-content-center fusion-flex-content-wrap\" style=\"max-width:1248px;margin-left: calc(-4% \/ 2 );margin-right: calc(-4% \/ 2 );\"><div class=\"fusion-layout-column fusion_builder_column fusion-builder-column-0 fusion_builder_column_2_3 2_3 fusion-flex-column\" style=\"--awb-bg-size:cover;--awb-width-large:66.666666666667%;--awb-margin-top-large:0px;--awb-spacing-right-large:10px;--awb-margin-bottom-large:0px;--awb-spacing-left-large:2.88%;--awb-width-medium:66.666666666667%;--awb-order-medium:0;--awb-spacing-right-medium:10px;--awb-spacing-left-medium:2.88%;--awb-width-small:100%;--awb-order-small:0;--awb-spacing-right-small:1.92%;--awb-spacing-left-small:1.92%;\" id=\"overview\"><div class=\"fusion-column-wrapper fusion-column-has-shadow fusion-flex-justify-content-flex-start fusion-content-layout-column\"><div class=\"fusion-text fusion-text-1\"><p>Er erstreckt sich \u00fcber 50 km entlang der Basis des rostig-goldenen 600 Meter hohen Rift-Valley-Steilhangs.<\/p>\n<p>Im n\u00f6rdlichen Teil Tansanias gelegen, liegt das Eingangstor 1,5 Stunden (126 km) westlich von Arusha und ganz in der N\u00e4he der ethnisch vielf\u00e4ltigen Marktstadt Mto wa Mbu.<\/p>\n<p>Lake Manyara ist ein landschaftliches Juwel, von Ernest Hemingway als die &#8222;sch\u00f6nste, die ich in Afrika gesehen habe&#8220; gepriesen.<\/p>\n<p>Dieser See hat eine dichte tropische Vegetation mit Wald im \u00dcberfluss.<\/p>\n<p>Die Perfektion Ihres Afrika-Urlaubs wird durch eine reiche Tierwelt garantiert, darunter Elefanten, B\u00fcffel, L\u00f6wen und Giraffen und eine herrliche Vogelwelt.<\/p>\n<p>Bewundern Sie auch die baumkletternden L\u00f6wen in der mit Akazien \u00fcbers\u00e4ten afrikanischen Savanne.<\/p>\n<p>Der Park hat eine Fl\u00e4che von 648,7 km\u00b2, davon 262,7 km\u00b2 See und 386 km\u00b2 Land.<\/p>\n<p>Der Park erhielt seinen Namen von einer Pflanze namens Euphorbia tirucalli, die in der Sprache der Massai als Emanyara bekannt ist.<\/p>\n<p>Die Massai pflanzen diese als Hecke zum Schutz ihrer H\u00e4user\/H\u00fctten<\/p>\n<p>Der Besuch des Parks ist das ganze Jahr \u00fcber m\u00f6glich.<\/p>\n<p>Juni bis Oktober ist jedoch die beste Zeit f\u00fcr gro\u00dfe S\u00e4ugetiere und von November bis Juli ist eine ideale Zeit f\u00fcr die Vogelbeobachtung.<\/p>\n<p>Es gibt viele aufregende Aktivit\u00e4ten: Walkingsafaris, Nachtfahrten, Kanufahren, Vogelbeobachtung und warme Buschmahlzeiten.<\/p>\n<p>Die Unterbringung innerhalb und au\u00dferhalb des Parks ist auf hohem Niveau m\u00f6glich. Innerhalb des Parks gibt es Campingpl\u00e4tze, f\u00fcr die eine Voranmeldung erforderlich ist.<\/p>\n<p>Au\u00dferhalb des Parks gibt es verschiedene Campingpl\u00e4tze und Unterk\u00fcnfte mit 1 \u2013 4 Sternen. Bei Fragen stehen wir Ihnen gerne zur Verf\u00fcgung.<\/p>\n<\/div><\/div><\/div><\/div><\/div>\n","protected":false},"excerpt":{"rendered":"","protected":false},"author":1,"featured_media":33304,"parent":0,"menu_order":0,"comment_status":"closed","ping_status":"closed","template":"100-width.php","meta":{"_acf_changed":false,"footnotes":""},"class_list":["post-33176","page","type-page","status-publish","has-post-thumbnail","hentry"],"acf":[],"_links":{"self":[{"href":"https:\/\/www.blessingsafaris.com\/de\/wp-json\/wp\/v2\/pages\/33176","targetHints":{"allow":["GET"]}}],"collection":[{"href":"https:\/\/www.blessingsafaris.com\/de\/wp-json\/wp\/v2\/pages"}],"about":[{"href":"https:\/\/www.blessingsafaris.com\/de\/wp-json\/wp\/v2\/types\/page"}],"author":[{"embeddable":true,"href":"https:\/\/www.blessingsafaris.com\/de\/wp-json\/wp\/v2\/users\/1"}],"replies":[{"embeddable":true,"href":"https:\/\/www.blessingsafaris.com\/de\/wp-json\/wp\/v2\/comments?post=33176"}],"version-history":[{"count":5,"href":"https:\/\/www.blessingsafaris.com\/de\/wp-json\/wp\/v2\/pages\/33176\/revisions"}],"predecessor-version":[{"id":33844,"href":"https:\/\/www.blessingsafaris.com\/de\/wp-json\/wp\/v2\/pages\/33176\/revisions\/33844"}],"wp:featuredmedia":[{"embeddable":true,"href":"https:\/\/www.blessingsafaris.com\/de\/wp-json\/wp\/v2\/media\/33304"}],"wp:attachment":[{"href":"https:\/\/www.blessingsafaris.com\/de\/wp-json\/wp\/v2\/media?parent=33176"}],"curies":[{"name":"wp","href":"https:\/\/api.w.org\/{rel}","templated":true}]}}