{"id":33162,"date":"2025-05-17T05:51:51","date_gmt":"2025-05-17T05:51:51","guid":{"rendered":"https:\/\/www.blessingsafaris.com\/de\/?page_id=33162"},"modified":"2025-08-28T08:48:51","modified_gmt":"2025-08-28T08:48:51","slug":"arusha-nationalpark","status":"publish","type":"page","link":"https:\/\/www.blessingsafaris.com\/de\/arusha-nationalpark\/","title":{"rendered":"Arusha-Nationalpark"},"content":{"rendered":"<div class=\"fusion-fullwidth fullwidth-box fusion-builder-row-1 fusion-flex-container nonhundred-percent-fullwidth non-hundred-percent-height-scrolling fusion-custom-z-index\" style=\"--link_color: #000000;--awb-border-radius-top-left:0px;--awb-border-radius-top-right:0px;--awb-border-radius-bottom-right:0px;--awb-border-radius-bottom-left:0px;--awb-z-index:99;--awb-padding-top:50px;--awb-padding-bottom:60px;--awb-flex-wrap:wrap;\" ><div class=\"fusion-builder-row fusion-row fusion-flex-align-items-flex-start fusion-flex-justify-content-center fusion-flex-content-wrap\" style=\"max-width:1248px;margin-left: calc(-4% \/ 2 );margin-right: calc(-4% \/ 2 );\"><div class=\"fusion-layout-column fusion_builder_column fusion-builder-column-0 fusion_builder_column_2_3 2_3 fusion-flex-column\" style=\"--awb-bg-size:cover;--awb-width-large:66.666666666667%;--awb-margin-top-large:0px;--awb-spacing-right-large:10px;--awb-margin-bottom-large:0px;--awb-spacing-left-large:2.88%;--awb-width-medium:66.666666666667%;--awb-order-medium:0;--awb-spacing-right-medium:10px;--awb-spacing-left-medium:2.88%;--awb-width-small:100%;--awb-order-small:0;--awb-spacing-right-small:1.92%;--awb-spacing-left-small:1.92%;\" id=\"overview\"><div class=\"fusion-column-wrapper fusion-column-has-shadow fusion-flex-justify-content-flex-start fusion-content-layout-column\"><div class=\"fusion-text fusion-text-1\"><p>Gegr\u00fcndet 1960, einer der sch\u00f6nsten und kleinsten Parks auf 137 km\u00b2.\u00a0Der Arusha-Nationalpark liegt ganz in der N\u00e4he von Arusha, eine Autostunde von der Stadt entfernt.<\/p>\n<p>Er umfasst den Mount Meru, den zweith\u00f6chsten vulkanischen Berg in Tansania mit einer H\u00f6he von 4566 Metern \u00fcber dem Meeresspiegel.<\/p>\n<p>Der Park bietet verschiedene Attraktionen wie den Feigenbaumbogen, den Momella-See, den Meru- und Kilimanjaro-Aussichtspunkt, die Tululusia-Wasserf\u00e4lle und den Ngurdoto-Krater.<\/p>\n<p>Der Ngurdoto-Krater, auch Little Ngorongoro genannt, ist ein mystischer Ort mit einem Sumpfgebiet und einem Vulkankegel, der im S\u00fcdosten liegt.<\/p>\n<p>Der Park besteht aus malerischen Landschaften in drei verschiedenen Bereichen.\u00a0Die flachen alkalischen Momella-Seen im Nordosten haben unterschiedliche Algenfarben und sind f\u00fcr ihre Watv\u00f6gel bekannt.<\/p>\n<p>Im Westen m\u00fcndet der Meru-Krater in den Jekukumia-Fluss, an dessen Rand sich der Gipfel des Mount Meru erhebt.<\/p>\n<p>Der Arusha-Nationalpark bietet eine gro\u00dfartige Vielfalt an Wildtieren, darunter Zebra, der Schwarz-Wei\u00df-Colobus-Affe, der Blauaffe, Kapb\u00fcffel, Flamingo, Warzenschwein, L\u00f6we, Elefant und viele weitere. Seltener sind die Leoparden. Au\u00dferdem sind auch viele Waldvogelarten wie Narina Trogon und Bar-tailed Trogon zu sehen.<\/p>\n<p>In diesem Park gibt es drei \u00f6ffentliche Campingpl\u00e4tze. Alle Camps sind sicher vor gef\u00e4hrlichen Wildtieren, jedoch k\u00f6nnen Sie in der Regel einige Tiere, wie Dik-Diks, Affen, Nagetiere, V\u00f6gel und manchmal auch B\u00fcffel beobachten.<\/p>\n<h2>Berg Meru<\/h2>\n<p>Der Mount Meru (4566m) ist einer der sch\u00f6nsten Vulkane Afrikas, er ist nach dem Kilimandscharo der zweith\u00f6chste Berg in Tansania und der f\u00fcnfth\u00f6chste in Afrika.<\/p>\n<p>Um den Mount Meru zu besteigen, m\u00fcssen Sie in den Arusha-Nationalpark gelangen, wo Sie Ranger treffen, die Sie zum letzten Camp und zur\u00fcck zum Parktor begleiten.<\/p>\n<p>Die Bergsteiger haben die M\u00f6glichkeit, verschiedene Wildtiere zu sehen und die Natur zu genie\u00dfen.<\/p>\n<h2>B\u00fcffellichtung<\/h2>\n<p>Buffalo Glade oder \u201euwanja wa mbogo\u201c auf Swahili ist eine gro\u00dfe nat\u00fcrliche Lichtung bestehend aus B\u00fcschen, Sumpf und B\u00e4chen, die sich etwa 500 Meter westlich des Momella-Tors\u00a0 befindet.<\/p>\n<p>Dies ist ein sehr wichtiger Nahrungsplatz f\u00fcr B\u00fcffel, Giraffen und Warzenschweine.\u00a0Es ist auch ein beliebter Weg f\u00fcr Wandersafaris im Nationalpark.\u00a0Besucher, die zu den Wasserf\u00e4llen Mount Meru und Tululusia wandern, passieren dieses faszinierende Gel\u00e4nde.<\/p>\n<h2>Momella-See<\/h2>\n<p>Der Momella-See ist ein alkalischer See, der aus sieben Seen besteht, dem kleinen Momela, dem gro\u00dfen Momela, Tululusia, Lekandiro, Kusare, El Kekhotoito und Rishateni.<\/p>\n<ul>\n<li><i>Big Momela:\u00a0<\/i>Dies ist der gr\u00f6\u00dfte See mit einer Tiefe von 10 \u2013 30 Metern, der Mikroalgen beherbergt.<\/li>\n<li><i>Small Momela:\u00a0<\/i>Dies ist der zweitgr\u00f6\u00dfte See mit einer Tiefe von 4 &#8211; 10 Metern.<\/li>\n<\/ul>\n<h2>Ngurdoto-Krater<\/h2>\n<p>Der Ngurdoto-Krater ist eine der f\u00fcnf wundersch\u00f6nen vulkanischen Calderas im Norden Tansanias.<\/p>\n<p>Mit einer Tiefe von ungef\u00e4hr 300 Metern und einem Durchmesser von 3,2 km eignet er sich f\u00fcr Wandersafaris, da er zu weich zum Befahren ist.<\/p>\n<p>Erleben Sie den wundersch\u00f6nen Regenwald und den Sumpf, w\u00e4hrend Sie Wildtiere wie Affen, DikDik, Elefanten und B\u00fcffel beobachten.<\/p>\n<h2>Tululusia-Wasserf\u00e4lle<\/h2>\n<p>Eine der Attraktionen, die Sie im Arusha-Nationalpark sehen k\u00f6nnen, sind die wundersch\u00f6nen, ca. 28 Meter hohen Tululusia-Wasserf\u00e4lle.<\/p>\n<p>Die Wanderung zu den Wasserf\u00e4llen beginnt am Momella-Tor und so teilen sich die Besucher der beiden Wasserf\u00e4lle und die Besteiger des Mount Meru den gleichen Weg.<\/p>\n<h2>Aktivit\u00e4ten im Arusha-Nationalpark<\/h2>\n<ul>\n<li>Einer der besten Nationalparks f\u00fcr Wandersafaris.<\/li>\n<li>Kanufahren auf dem Momella-See.<\/li>\n<li>Reiten: Ein weiteres Abenteuer mit Stil, um Natur, Tierwelt und Vogelwelt zu erleben.<\/li>\n<li>Gamedrive (Safaritour mit einem Gel\u00e4ndewagen): Dieser Park ist klein, aber sch\u00f6n.<\/li>\n<\/ul>\n<h2>Wann man den Arusha-Nationalpark besuchen sollte<\/h2>\n<ul>\n<li>Sie k\u00f6nnen den Arusha-Nationalpark zu jeder Jahreszeit besuchen, aber in der Regenzeit von M\u00e4rz bis Ende Mai haben Sie aufgrund von Wolken m\u00f6glicherweise nicht die beste Aussicht auf den Mount Meru.\u00a0Kontaktieren Sie uns, wenn Sie Fragen haben.<\/li>\n<\/ul>\n<\/div><\/div><\/div><\/div><\/div>\n","protected":false},"excerpt":{"rendered":"","protected":false},"author":1,"featured_media":33297,"parent":0,"menu_order":0,"comment_status":"closed","ping_status":"closed","template":"100-width.php","meta":{"_acf_changed":false,"footnotes":""},"class_list":["post-33162","page","type-page","status-publish","has-post-thumbnail","hentry"],"acf":[],"_links":{"self":[{"href":"https:\/\/www.blessingsafaris.com\/de\/wp-json\/wp\/v2\/pages\/33162","targetHints":{"allow":["GET"]}}],"collection":[{"href":"https:\/\/www.blessingsafaris.com\/de\/wp-json\/wp\/v2\/pages"}],"about":[{"href":"https:\/\/www.blessingsafaris.com\/de\/wp-json\/wp\/v2\/types\/page"}],"author":[{"embeddable":true,"href":"https:\/\/www.blessingsafaris.com\/de\/wp-json\/wp\/v2\/users\/1"}],"replies":[{"embeddable":true,"href":"https:\/\/www.blessingsafaris.com\/de\/wp-json\/wp\/v2\/comments?post=33162"}],"version-history":[{"count":2,"href":"https:\/\/www.blessingsafaris.com\/de\/wp-json\/wp\/v2\/pages\/33162\/revisions"}],"predecessor-version":[{"id":33573,"href":"https:\/\/www.blessingsafaris.com\/de\/wp-json\/wp\/v2\/pages\/33162\/revisions\/33573"}],"wp:featuredmedia":[{"embeddable":true,"href":"https:\/\/www.blessingsafaris.com\/de\/wp-json\/wp\/v2\/media\/33297"}],"wp:attachment":[{"href":"https:\/\/www.blessingsafaris.com\/de\/wp-json\/wp\/v2\/media?parent=33162"}],"curies":[{"name":"wp","href":"https:\/\/api.w.org\/{rel}","templated":true}]}}